{"id":1333,"date":"2023-04-04T07:22:15","date_gmt":"2023-04-04T07:22:15","guid":{"rendered":"https:\/\/labandadelpanda.es\/avis-legal\/"},"modified":"2025-08-28T09:21:08","modified_gmt":"2025-08-28T09:21:08","slug":"avis-legal","status":"publish","type":"page","link":"https:\/\/labandadelpanda.es\/ca\/avis-legal\/","title":{"rendered":"Av\u00eds Legal"},"content":{"rendered":"<p><div class=\"fusion-fullwidth fullwidth-box fusion-builder-row-1 fusion-flex-container has-pattern-background has-mask-background fusion-parallax-none nonhundred-percent-fullwidth non-hundred-percent-height-scrolling lazyload\" style=\"--awb-background-blend-mode:multiply;--awb-border-radius-top-left:0px;--awb-border-radius-top-right:0px;--awb-border-radius-bottom-right:0px;--awb-border-radius-bottom-left:0px;--awb-padding-top:15%;--awb-padding-bottom:15%;--awb-margin-bottom:0px;--awb-background-color:rgba(16,16,21,0.28);--awb-background-size:cover;\" data-bg=\"https:\/\/labandadelpanda.es\/wp-content\/uploads\/2023\/04\/bg-legal-lbdp.jpg\" ><div class=\"awb-background-pattern\" style=\"background-image:  url(data:image\/svg+xml;utf8,%3Csvg%20width%3D%2240%22%20height%3D%2240%22%20fill%3D%22none%22%20xmlns%3D%22http%3A%2F%2Fwww.w3.org%2F2000%2Fsvg%22%3E%3Cpath%20fill-rule%3D%22evenodd%22%20clip-rule%3D%22evenodd%22%20d%3D%22M0%2038.59l2.83-2.83%201.41%201.41L1.41%2040H0v-1.41zM0%201.4l2.83%202.83%201.41-1.41L1.41%200H0v1.41-.01zM38.59%2040l-2.83-2.83%201.41-1.41L40%2038.59V40h-1.41zM40%201.41l-2.83%202.83-1.41-1.41L38.59%200H40v1.41z%22%20fill%3D%22rgba%280%2C0%2C0%2C0.3%29%22%2F%3E%3Cpath%20d%3D%22M22.83%2015.77L20%2018.6v-.01l-2.83-2.83-1.41%201.41L18.59%2020l-2.83%202.83%201.41%201.41L20%2021.41l2.83%202.83%201.41-1.41L21.41%2020l2.83-2.82-1.41-1.41z%22%20fill%3D%22rgba%280%2C0%2C0%2C0.3%29%22%2F%3E%3C%2Fsvg%3E);opacity: 0.06 ;\"><\/div><div class=\"fusion-builder-row fusion-row fusion-flex-align-items-flex-start\" style=\"max-width:calc( 1140px + 0px );margin-left: calc(-0px \/ 2 );margin-right: calc(-0px \/ 2 );\"><div class=\"fusion-layout-column fusion_builder_column fusion-builder-column-0 fusion_builder_column_1_1 1_1 fusion-flex-column fusion-animated\" style=\"--awb-bg-blend:overlay;--awb-bg-size:cover;--awb-width-large:100%;--awb-margin-top-large:0px;--awb-spacing-right-large:0px;--awb-margin-bottom-large:0px;--awb-spacing-left-large:0px;--awb-width-medium:100%;--awb-spacing-right-medium:0px;--awb-spacing-left-medium:0px;--awb-width-small:100%;--awb-spacing-right-small:0px;--awb-spacing-left-small:0px;\" data-animationType=\"fadeInDown\" data-animationDuration=\"1.0\" data-animationOffset=\"top-into-view\"><div class=\"fusion-column-wrapper fusion-column-has-shadow fusion-flex-justify-content-flex-start fusion-content-layout-column\"><div class=\"fusion-title title fusion-title-1 fusion-sep-none fusion-title-center fusion-title-text fusion-title-size-one\" style=\"--awb-margin-bottom:0px;--awb-margin-bottom-small:0px;--awb-font-size:65px;\"><h1 class=\"title-heading-center fusion-responsive-typography-calculated\" style=\"margin:0;font-size:1em;--fontSize:65;line-height:var(--awb-typography1-line-height);\">Av\u00eds Legal<\/h1><\/div><\/div><\/div><\/div><\/div><div class=\"fusion-fullwidth fullwidth-box fusion-builder-row-2 fusion-flex-container nonhundred-percent-fullwidth non-hundred-percent-height-scrolling\" style=\"--awb-border-radius-top-left:0px;--awb-border-radius-top-right:0px;--awb-border-radius-bottom-right:0px;--awb-border-radius-bottom-left:0px;--awb-padding-top:2%;--awb-padding-bottom:6%;--awb-padding-top-small:21.371499999999997px;--awb-margin-top:0px;--awb-background-color:var(--awb-color8);\" ><div class=\"fusion-builder-row fusion-row fusion-flex-align-items-flex-start\" style=\"max-width:calc( 1140px + 0px );margin-left: calc(-0px \/ 2 );margin-right: calc(-0px \/ 2 );\"><div class=\"fusion-layout-column fusion_builder_column fusion-builder-column-1 fusion_builder_column_1_1 1_1 fusion-flex-column fusion-flex-align-self-flex-start fusion-column-no-min-height fusion-animated\" style=\"--awb-padding-top:40px;--awb-padding-right:15%;--awb-padding-bottom:60px;--awb-padding-left:15%;--awb-bg-blend:overlay;--awb-bg-size:cover;--awb-width-large:100%;--awb-margin-top-large:0px;--awb-spacing-right-large:0px;--awb-margin-bottom-large:0px;--awb-spacing-left-large:0px;--awb-width-medium:100%;--awb-spacing-right-medium:0px;--awb-spacing-left-medium:0px;--awb-width-small:100%;--awb-spacing-right-small:0px;--awb-spacing-left-small:0px;\" data-animationType=\"fadeInDown\" data-animationDuration=\"1.0\" data-animationOffset=\"top-into-view\"><div class=\"fusion-column-wrapper fusion-column-has-shadow fusion-flex-justify-content-flex-start fusion-content-layout-column\"><div class=\"fusion-title title fusion-title-2 fusion-sep-none fusion-title-center fusion-title-text fusion-title-size-two\" style=\"--awb-text-color:var(--awb-color4);--awb-margin-bottom:0px;--awb-margin-bottom-small:0px;--awb-font-size:25px;\"><h2 class=\"title-heading-center fusion-responsive-typography-calculated\" style=\"font-family:var(--awb-typography2-font-family);font-weight:var(--awb-typography2-font-weight);font-style:var(--awb-typography2-font-style);margin:0;font-size:1em;letter-spacing:var(--awb-typography2-letter-spacing);text-transform:var(--awb-typography2-text-transform);--fontSize:25;line-height:1.39;\"><\/h2><\/div><div class=\"fusion-text fusion-text-1\"><p><strong>Per tal de donar compliment a l&#8217;article 10 de la Llei 34\/2002 de Serveis de la Societat de la Informaci\u00f3 i del Comer\u00e7 Electr\u00f2nic, informem els usuaris de les nostres dades:<\/strong><\/p>\n<p>Denominaci\u00f3 Social: <span style=\"color: var(--awb-text-color); font-family: var(--awb-text-font-family); font-size: var(--awb-font-size); font-style: var(--awb-text-font-style); letter-spacing: var(--awb-letter-spacing); text-align: var(--awb-content-alignment); text-transform: var(--awb-text-transform); background-color: var(--awb-bg-color);\"><b style=\"text-decoration-line: underline;\">LA BANDA DEL PANDA CREW SL<\/b><b>.<\/b><\/span><b style=\"color: var(--awb-text-color); font-family: var(--awb-text-font-family); font-size: var(--awb-font-size); font-style: var(--awb-text-font-style); letter-spacing: var(--awb-letter-spacing); text-align: var(--awb-content-alignment); text-transform: var(--awb-text-transform); background-color: var(--awb-bg-color);\"> <\/b><span style=\"background-color: var(--awb-bg-color); color: var(--awb-text-color); font-family: var(--awb-text-font-family); font-size: var(--awb-font-size); font-style: var(--awb-text-font-style); letter-spacing: var(--awb-letter-spacing); text-align: var(--awb-content-alignment); text-transform: var(--awb-text-transform); font-weight: var(--awb-text-font-weight);\">Registre Mercantil de Lleida &#8211; Presentaci\u00f3: 1\/122\/471 Foli: 80<\/span><\/p>\n<p>Domicili: <strong>Carrer Mestral, 10 &#8211; Pol\u00edgon Campllong &#8211; 25600 Balaguer &#8211; Lleida<\/strong><\/p>\n<p>CIF: <b><u>B10740165<\/u><\/b><\/p>\n<p>Tel\u00e8fon: <strong>604 279 576<\/strong><\/p>\n<p>E-Mail: <b><u>hola@labandadelpanda.es<\/u><\/b><\/p>\n<p>Lloc Web: <b><u>https:\/\/labandadelpanda.es\/<\/u><\/b><\/p>\n<p>Objecte Social: A) la realitzaci\u00f3, organitzaci\u00f3, explotaci\u00f3, gesti\u00f3, producci\u00f3, promoci\u00f3 i assessorament de tot tipus d&#8217;esdeveniments i espectacles socioculturals i art\u00edstics (com ara musicals, dansa i teatre, sent aquesta relaci\u00f3 enunciativa, no limitativa), tant p\u00fablics com privats. b) el comer\u00e7<\/p>\n<p><span style=\"color: var(--awb-text-color); font-family: var(--awb-text-font-family); font-size: var(--awb-font-size); font-style: var(--awb-text-font-style); font-weight: var(--awb-text-font-weight); letter-spacing: var(--awb-letter-spacing); text-align: var(--awb-content-alignment); text-transform: var(--awb-text-transform); background-color: var(--awb-bg-color);\">Forma jur\u00eddica: Societat limitada unipersonal<\/span><\/p>\n<p>Activitat: Creaci\u00f3 i interpretaci\u00f3 art\u00edstica i liter\u00e0ria<\/p>\n<p>Activitat CNAE 9001 &#8211; Arts esc\u00e8niques<\/p>\n<div>\n<h3 class=\"fusion-responsive-typography-calculated\" style=\"--fontsize: 20; line-height: 1.3; --minfontsize: 20;\" data-fontsize=\"20\" data-lineheight=\"26px\"><b>1.- OBJECTE<\/b><\/h3>\n<p><span style=\"color: var(--awb-text-color); font-family: var(--awb-text-font-family); font-size: var(--awb-font-size); font-style: var(--awb-text-font-style); letter-spacing: var(--awb-letter-spacing); text-align: var(--awb-content-alignment); text-transform: var(--awb-text-transform); background-color: var(--awb-bg-color);\"><b><u>LA BANDA DEL PANDA CREW SL.<\/u><\/b><\/span> (d&#8217;ara endavant tamb\u00e9 el prestador) com a responsable del lloc web, posa a disposici\u00f3 dels usuaris aquest document, que regula l&#8217;\u00fas del lloc web <b><u>https:\/\/labandadelpanda.es\/<\/u><\/b>, amb el que pretenem donar compliment a les obligacions que disposa la Llei 34\/2002, de Serveis de la Societat de la Informaci\u00f3 i del Comer\u00e7 Electr\u00f2nic (LSSICE o LSSI), aix\u00ed com informar tots els usuaris del lloc web respecte a quines s\u00f3n les condicions d&#8217;\u00fas del lloc web.<\/p>\n<p>A trav\u00e9s de la Web, <b><u>LA BANDA DEL PANDA CREW SL.<\/u><\/b> facilita als usuaris l&#8217;acc\u00e9s i la utilitzaci\u00f3 de diferents serveis i continguts posats a disposici\u00f3 a trav\u00e9s del web.<\/p>\n<p>Tota persona que accedeixi a aquesta web assumeix el paper d&#8217;usuari (d&#8217;ara endavant l&#8217;usuari), i implica l&#8217;acceptaci\u00f3 plena i sense reserves de totes i cadascuna de les disposicions incloses en aquest av\u00eds legal, aix\u00ed com en altres disposicions legals que siguin aplicables.<\/p>\n<p>Com a usuaris, ha de llegir atentament aquest Av\u00eds Legal en qualsevol de les ocasions que entra a la web, ja que aquest pot patir modificacions ja que el prestador es reserva el dret a modificar qualsevol tipus d&#8217;informaci\u00f3 que pogu\u00e9s apar\u00e8ixer a la web, sense que hi hagi l&#8217;obligaci\u00f3 de preavisar o posar en coneixement dels usuaris aquestes obligacions, sent suficients la publicaci\u00f3 al lloc web del prestador.<\/p>\n<\/div>\n<div>\n<h3 class=\"fusion-responsive-typography-calculated\" style=\"--fontsize: 20; line-height: 1.3; --minfontsize: 20;\" data-fontsize=\"20\" data-lineheight=\"26px\"><b>2. CONDICIONS D&#8217;ACC\u00c9S I \u00daS DE LA WEB.<\/b><\/h3>\n<h4 class=\"fusion-responsive-typography-calculated\" style=\"--fontsize: 24; line-height: 1.5;\" data-fontsize=\"24\" data-lineheight=\"36px\"><b>2.1. Car\u00e0cter gratu\u00eft de l&#8217;acc\u00e9s i l&#8217;\u00fas de la web.<\/b><\/h4>\n<p>La prestaci\u00f3 dels serveis per part de <b><u>LA BANDA DEL PANDA CREW SL.<\/u><\/b> t\u00e9 car\u00e0cter gratu\u00eft per a tots els Usuaris. Tot i aix\u00f2, alguns dels serveis subministrats pel prestador o per tercers a trav\u00e9s del web estan subjectes al pagament d&#8217;un preu determinat a les condicions generals de contractaci\u00f3.<\/p>\n<h4 class=\"fusion-responsive-typography-calculated\" style=\"--fontsize: 24; line-height: 1.5;\" data-fontsize=\"24\" data-lineheight=\"36px\"><b>2.2. Registre d&#8217;Usuari. <\/b><\/h4>\n<p>Amb car\u00e0cter general, la prestaci\u00f3 dels serveis no exigeix \u200b\u200bla pr\u00e8via subscripci\u00f3 o registre dels usuaris. No obstant aix\u00f2, <b><u>LA BANDA DEL PANDA CREW SL.<\/u><\/b> condiciona l&#8217;\u00fas d&#8217;alguns dels serveis a la complementaci\u00f3 pr\u00e8via del corresponent registre d&#8217;usuari. Aquest registre s&#8217;efectuar\u00e0 en la forma expressament indicada a la pr\u00f2pia secci\u00f3 del servei.<\/p>\n<h4 class=\"fusion-responsive-typography-calculated\" style=\"--fontsize: 24; line-height: 1.5;\" data-fontsize=\"24\" data-lineheight=\"36px\"><b>2.3. Veracitat de la informaci\u00f3.<\/b><\/h4>\n<p>Tota la informaci\u00f3 que facilita l&#8217;usuari ha de ser vera\u00e7. A aquest efecte, l&#8217;usuari garanteix l&#8217;autenticitat de les dades comunicades a trav\u00e9s dels formularis per a la subscripci\u00f3 dels serveis. Ser\u00e0 responsabilitat de l&#8217;Usuari mantenir tota la informaci\u00f3 facilitada a <b><u>LA BANDA DEL PANDA CREW SL.<\/u><\/b> permanentment actualitzada de manera que respongui, a cada moment, a la seva situaci\u00f3 real. En tot cas, l&#8217;Usuari ser\u00e0 l&#8217;\u00fanic responsable de les manifestacions falses o inexactes que faci i dels perjudicis que causi el prestador o tercers.<\/p>\n<h4 class=\"fusion-responsive-typography-calculated\" style=\"--fontsize: 24; line-height: 1.5;\" data-fontsize=\"24\" data-lineheight=\"36px\"><b>2.4. Menors d&#8217;edat.<\/b><\/h4>\n<p>Per a l&#8217;\u00fas dels serveis, els menors dedat han dobtenir sempre pr\u00e8viament el consentiment dels pares, tutors o representants legals, responsables \u00faltims de tots els actes realitzats pels menors al seu c\u00e0rrec. La responsabilitat en la determinaci\u00f3 de continguts concrets a qu\u00e8 accedeixen els menors correspon a aquells, per la qual cosa si accedeixen a continguts no apropiats per Internet, s&#8217;han d&#8217;establir als seus ordinadors mecanismes, en particular programes inform\u00e0tics, filtres i bloquejos, que permetin limitar els continguts disponibles i, encara que no siguin infal\u00b7libles, s\u00f3n d&#8217;especial utilitat per controlar i restringir els materials als quals poden accedir.<\/p>\n<h4 class=\"fusion-responsive-typography-calculated\" style=\"--fontsize: 24; line-height: 1.5;\" data-fontsize=\"24\" data-lineheight=\"36px\"><b>2.5. Obligaci\u00f3 de fer un correcte \u00fas de la Web.<\/b><\/h4>\n<p>L&#8217;Usuari es compromet a utilitzar la Web de conformitat a la Llei i al present Av\u00eds Legal, aix\u00ed com a la moral i als bons costums. A aquest efecte, l&#8217;Usuari s&#8217;abstindr\u00e0 d&#8217;utilitzar la p\u00e0gina amb finalitats il\u00b7l\u00edcites o prohibides, lesives de drets i interessos de tercers, o que de qualsevol manera puguin danyar, inutilitzar, sobrecarregar, deteriorar o impedir la utilitzaci\u00f3 normal d&#8217;equips inform\u00e0tics o documents, arxius i tota mena de continguts emmagatzemats en qualsevol equip inform\u00e0tic del prestador.<\/p>\n<p>En particular, i a t\u00edtol indicatiu per\u00f2 no exhaustiu, l&#8217;Usuari es compromet a no transmetre, difondre o posar a disposici\u00f3 de tercers informacions, dades, continguts, missatges, gr\u00e0fics, dibuixos, arxius de so o imatge, fotografies, enregistraments, programari i, en general, qualsevol mena de material que:<\/p>\n<p style=\"padding-left: 40px;\">(a) sigui contr\u00e0ria, menysprea o atempti contra els drets fonamentals i les llibertats p\u00fabliques reconegudes constitucionalment, en tractats internacionals i altres normes vigents;<\/p>\n<p style=\"padding-left: 40px;\">(b) indueixi, inciti o promogui actuacions delictives, denigrants, difamat\u00f2ries, violentes o, en general, contr\u00e0ries a la llei, a la moral i a l&#8217;ordre p\u00fablic;<\/p>\n<p style=\"padding-left: 40px;\">(c) indueixi, inciti o promogui actuacions, actituds o pensaments discriminatoris per ra\u00f3 de sexe, ra\u00e7a, religi\u00f3, creences, edat o condici\u00f3;<\/p>\n<p style=\"padding-left: 40px;\">(d) sigui contrari al dret a l&#8217;honor, a la intimitat personal o familiar o a la pr\u00f2pia imatge de les persones;<\/p>\n<p style=\"padding-left: 40px;\">(e) de qualsevol manera perjudiqui la credibilitat del prestador o de tercers; i<\/p>\n<p style=\"padding-left: 40px;\">(f) constitueixi publicitat il\u00b7l\u00edcita, enganyosa o deslleial.<\/p>\n<\/div>\n<div>\n<h3 class=\"fusion-responsive-typography-calculated\" style=\"--fontsize: 20; line-height: 1.3; --minfontsize: 20;\" data-fontsize=\"20\" data-lineheight=\"26px\"><b>3.- EXCLUSI\u00d3 DE GARANTIES I RESPONSABILITAT<\/b><\/h3>\n<p>El prestador s&#8217;eximeix de qualsevol tipus de responsabilitat derivada de la informaci\u00f3 publicada al nostre lloc web, sempre que aquesta informaci\u00f3 hagi estat manipulada o introdu\u00efda per un tercer ali\u00e8.<\/p>\n<p>Aquesta web ha estat revisada i provada perqu\u00e8 funcioni correctament. En principi, es pot garantir el funcionament correcte els 365 dies de l&#8217;any, 24 hores al dia. Tot i aix\u00f2, el prestador no descarta la possibilitat que hi hagi determinats errors de programaci\u00f3, o que succeeixin causes de for\u00e7a major, cat\u00e0strofes naturals, vagues, o circumst\u00e0ncies similars que facin impossible l&#8217;acc\u00e9s a la p\u00e0gina web.<\/p>\n<p><span style=\"color: var(--awb-text-color); font-family: var(--awb-text-font-family); font-size: var(--awb-font-size); font-style: var(--awb-text-font-style); letter-spacing: var(--awb-letter-spacing); text-align: var(--awb-content-alignment); text-transform: var(--awb-text-transform); background-color: var(--awb-bg-color);\"><b><u>LA BANDA DEL PANDA CREW SL.<\/u><\/b><\/span> no atorga cap garantia ni es fa responsable, en cap cas, dels danys i perjudicis de qualsevol naturalesa que puguin sortir a col\u00b7laci\u00f3 de la manca de disponibilitat, manteniment i efectiu funcionament de la web o dels seus serveis i continguts; de l&#8217;exist\u00e8ncia de virus, programes maliciosos o lesius als continguts; de l&#8217;\u00fas il\u00b7l\u00edcit, negligent, fraudulent o contrari a aquest Av\u00eds Legal i condicions d&#8217;\u00fas; o de La manca de licitud, qualitat, fiabilitat, utilitat i disponibilitat dels serveis prestats per tercers i posats a disposici\u00f3 dels usuaris al lloc web.<\/p>\n<p>El prestador no es fa responsable sota cap concepte dels danys que puguin dimanar de l\u00fas il\u00b7legal o indegut de la present p\u00e0gina web.<\/p>\n<h3 class=\"fusion-responsive-typography-calculated\" style=\"--fontsize: 20; line-height: 1.3; --minfontsize: 20;\" data-fontsize=\"20\" data-lineheight=\"26px\"><b>4.- COOKIES<\/b><\/h3>\n<p>El lloc web del prestador pot utilitzar cookies (petits fitxers d&#8217;informaci\u00f3 que el servidor envia a l&#8217;ordinador de qui accedeix a la p\u00e0gina) per dur a terme determinades funcions que s\u00f3n considerades imprescindibles per al correcte funcionament i visualitzaci\u00f3 del lloc. Les cookies utilitzades tenen, en tot cas, car\u00e0cter temporal, per tal de fer m\u00e9s efica\u00e7 la navegaci\u00f3, desapareixent en finalitzar la sessi\u00f3 de l&#8217;usuari.<\/p>\n<p>En cap cas s&#8217;utilitzaran les galetes per demanar informaci\u00f3 de car\u00e0cter personal.<\/p>\n<p>Per a m\u00e9s informaci\u00f3, vegi la nostra <a href=\"\/ca\/politica-de-cookies\/\">Pol\u00edtica de Cookies<\/a><\/p>\n<\/div>\n<div>\n<h3 class=\"fusion-responsive-typography-calculated\" style=\"--fontsize: 20; line-height: 1.3; --minfontsize: 20;\" data-fontsize=\"20\" data-lineheight=\"26px\"><b>5.- ENLLA\u00c7OS (LINKS)<\/b><\/h3>\n<p>Des del lloc web \u00e9s possible que es redirigeixi a continguts de tercers webs. At\u00e8s que des de la web no podem controlar sempre els continguts introdu\u00efts pels tercers, <b><u>LA BANDA DEL PANDA CREW SL.<\/u><\/b> no assumeix cap mena de responsabilitat respecte a aquests continguts. En tot cas, el prestador manifesta que procedir\u00e0 a la retirada immediata de qualsevol contingut que pogu\u00e9s contravenir la legislaci\u00f3 nacional o internacional, la moral o l&#8217;ordre p\u00fablic, procedint a la retirada immediata de la AV Pere III, n\u00fam.3 \u2013 4t \u2013 2\u00aa, 25600 Balaguer (Lleida) a aquestes webs, posant en coneixement de les autoritats competents el contingut en q\u00fcesti\u00f3.<\/p>\n<p>El prestador no es responsabilitza de la informaci\u00f3 i continguts emmagatzemats, a t\u00edtol enunciatiu per\u00f2 no limitant, en f\u00f2rums, xats, generadors de blocs, comentaris, xarxes socials o qualsevol altre mitj\u00e0 que permeti a tercers publicar continguts de forma independent a la p\u00e0gina web del prestador. No obstant aix\u00f2 i en compliment del que disposa l&#8217;art. 11 i 16 de la LSSICE, el prestador es posa a disposici\u00f3 de tots els usuaris, autoritats i forces de seguretat, i col\u00b7laborant de manera activa en la retirada o, quan sigui necessari, el bloqueig de tots aquells continguts que puguin afectar o contravenir la legislaci\u00f3 nacional, o internacional, drets de tercers o la moral i l&#8217;ordre p\u00fablic. En cas que l&#8217;usuari consideri que hi pot haver algun contingut que pogu\u00e9s ser susceptible d&#8217;aquesta classificaci\u00f3.<\/p>\n<h3 class=\"fusion-responsive-typography-calculated\" style=\"--fontsize: 20; line-height: 1.3; --minfontsize: 20;\" data-fontsize=\"20\" data-lineheight=\"26px\"><b>6.- PROTECCI\u00d3 DE DADES PERSONALS <\/b><\/h3>\n<p>El prestador est\u00e0 profundament comprom\u00e8s amb el compliment de la normativa de protecci\u00f3 de dades personals i garanteix el compliment \u00edntegre de les obligacions disposades, aix\u00ed com la implementaci\u00f3 de les mesures de seguretat disposades al Reglament Europeu de Protecci\u00f3 de dades i la normativa espanyola de protecci\u00f3 de dades dades.<\/p>\n<p>Per a m\u00e9s informaci\u00f3, vegi la nostra <a href=\"\/ca\/politica-de-privacitat\/\">Pol\u00edtica de Privacitat.<\/a><\/p>\n<\/div>\n<div>\n<h3 class=\"fusion-responsive-typography-calculated\" style=\"--fontsize: 20; line-height: 1.3; --minfontsize: 20;\" data-fontsize=\"20\" data-lineheight=\"26px\"><b>7. XARXES SOCIALS<\/b><\/h3>\n<p>L&#8217;informem que <b><u>LA BANDA DEL PANDA CREW SL.<\/u><\/b> pot ser present a xarxes socials. El tractament de les dades que els usuaris hi incloguin [fent-se seguidors del prestador a les xarxes socials (i\/o realitzin qualsevol vincle o acci\u00f3 de connexi\u00f3 a trav\u00e9s d&#8217;aquestes)] es regir\u00e0 per aquest apartat, aix\u00ed com per les condicions d&#8217;\u00fas, pol\u00edtiques de privacitat i normatives d&#8217;acc\u00e9s i \u00fas de les xarxes socials en q\u00fcesti\u00f3 i pr\u00e8viament acceptades per l&#8217;usuari. <b><u>LA BANDA DEL PANDA CREW SL.<\/u><\/b> tractar\u00e0 les seves dades per informar-lo de les activitats, productes o serveis del prestador a trav\u00e9s d&#8217;aquestes xarxes socials, aix\u00ed com per a qualsevol altra finalitat que les normatives de les Xarxes Socials permetin, per\u00f2 no es far\u00e0 responsable de les seves pol\u00edtiques de privacitat.<\/p>\n<p>Queda prohibida la publicaci\u00f3 de continguts:<\/p>\n<ul>\n<li>Que siguin presumptament il\u00b7l\u00edcits per la normativa nacional, comunit\u00e0ria o internacional o que facin activitats presumptament il\u00b7l\u00edcites o contravinguin els principis de la bona fe.<\/li>\n<li>Que atemptin contra els drets fonamentals de les persones, faltin a la cortesia a la xarxa, molestin o puguin generar opinions negatives als nostres usuaris o tercers i en general qualsevol contingut que <b><u>LA BANDA DEL PANDA CREW SL.<\/u><\/b> consideri no apropiats.<\/li>\n<li>I generalment que contravinguin els principis de legalitat, honorabilitat, responsabilitat, protecci\u00f3 de la dignitat humana, protecci\u00f3 de menors, protecci\u00f3 de l&#8217;ordre p\u00fablic, la protecci\u00f3 de la vida privada, protecci\u00f3 del consumidor i els drets de propietat intel\u00b7lectual i industrial.<\/li>\n<\/ul>\n<p>Aix\u00ed mateix, <b><u>LA BANDA DEL PANDA CREW SL.<\/u><\/b> es reserva la potestat de retirar, sense av\u00eds previ de la p\u00e0gina web o de la xarxa social corporativa aquells continguts que es considerin no apropiats.<\/p>\n<div><\/div>\n<h3 class=\"fusion-responsive-typography-calculated\" style=\"--fontsize: 20; line-height: 1.3; --minfontsize: 20;\" data-fontsize=\"20\" data-lineheight=\"26px\"><b>8.- PROPIETAT INTELECTUAL I INDUSTRIAL<\/b><\/h3>\n<p>El lloc web, incloent-hi a t\u00edtol enunciatiu per\u00f2 no limitatiu la programaci\u00f3, edici\u00f3, compilaci\u00f3 i altres elements necessaris per al seu funcionament, els dissenys, logotips, textos, fotografies i\/o gr\u00e0fics s\u00f3n propietat del prestador o, en cas que fos necessari, disposa de la llic\u00e8ncia o autoritzaci\u00f3 expressa per part dels autors. Tots els continguts del lloc web estan protegits degudament per la normativa de propietat intel\u00b7lectual i industrial.<\/p>\n<p>Independentment de la finalitat per la qual fossin destinats, la reproducci\u00f3 total o parcial, \u00fas, distribuci\u00f3 i comunicaci\u00f3 p\u00fablica requereixen l&#8217;autoritzaci\u00f3 escrita pr\u00e8via per part del prestador. Qualsevol \u00fas no autoritzat pr\u00e8viament per part del prestador ser\u00e0 considerat un incompliment greu dels drets de propietat intel\u00b7lectual o industrial de l&#8217;autor.<\/p>\n<p>Els dissenys, logotips, textos i\/o gr\u00e0fics aliens al prestador i que puguin apar\u00e8ixer al lloc web, pertanyen als seus respectius propietaris, sent ells mateixos els responsables de qualsevol possible controv\u00e8rsia que pogu\u00e9s esdevenir respecte a aquests. En tot cas, el prestador compta amb l&#8217;autoritzaci\u00f3 expressa i pr\u00e8via per part dels mateixos.<\/p>\n<p>El prestador reconeix a favor dels seus titulars els corresponents drets de propietat industrial i intel\u00b7lectual, i no implica la menci\u00f3 o aparici\u00f3 al lloc web, de l&#8217;exist\u00e8ncia de drets o cap responsabilitat del prestador sobre aquests, com tampoc suport, patrocini o recomanaci\u00f3 per part del mateix.<\/p>\n<p>Per fer qualsevol tipus d&#8217;observaci\u00f3 respecte a possibles incompliments dels drets de propietat intel\u00b7lectual o industrial, aix\u00ed com sobre qualsevol dels continguts del lloc web, ho podeu fer a trav\u00e9s del correu electr\u00f2nic a dalt ressenyat.<\/p>\n<\/div>\n<div>\n<h3 class=\"fusion-responsive-typography-calculated\" style=\"--fontsize: 20; line-height: 1.3; --minfontsize: 20;\" data-fontsize=\"20\" data-lineheight=\"26px\"><b>9.- LLEI APLICABLE I JURISDICCI\u00d3<\/b><\/h3>\n<p>Per a la resoluci\u00f3 de les controv\u00e8rsies o q\u00fcestions relacionades amb la present p\u00e0gina web o de les activitats en aquesta desenvolupades, ser\u00e0 aplicable la legislaci\u00f3 espanyola, a la qual se sotmeten expressament les parts, sent competents per a la resoluci\u00f3 de tots els conflictes derivats o relacionats amb el seu \u00fas els Jutjats i Tribunals de Lleida.<\/p>\n<\/div>\n<\/div><\/div><\/div><\/div><\/div><\/p>\n","protected":false},"excerpt":{"rendered":"","protected":false},"author":1,"featured_media":0,"parent":0,"menu_order":0,"comment_status":"closed","ping_status":"closed","template":"100-width.php","meta":[],"aioseo_notices":[],"_links":{"self":[{"href":"https:\/\/labandadelpanda.es\/ca\/wp-json\/wp\/v2\/pages\/1333"}],"collection":[{"href":"https:\/\/labandadelpanda.es\/ca\/wp-json\/wp\/v2\/pages"}],"about":[{"href":"https:\/\/labandadelpanda.es\/ca\/wp-json\/wp\/v2\/types\/page"}],"author":[{"embeddable":true,"href":"https:\/\/labandadelpanda.es\/ca\/wp-json\/wp\/v2\/users\/1"}],"replies":[{"embeddable":true,"href":"https:\/\/labandadelpanda.es\/ca\/wp-json\/wp\/v2\/comments?post=1333"}],"version-history":[{"count":1,"href":"https:\/\/labandadelpanda.es\/ca\/wp-json\/wp\/v2\/pages\/1333\/revisions"}],"predecessor-version":[{"id":1334,"href":"https:\/\/labandadelpanda.es\/ca\/wp-json\/wp\/v2\/pages\/1333\/revisions\/1334"}],"wp:attachment":[{"href":"https:\/\/labandadelpanda.es\/ca\/wp-json\/wp\/v2\/media?parent=1333"}],"curies":[{"name":"wp","href":"https:\/\/api.w.org\/{rel}","templated":true}]}}