{"id":1330,"date":"2023-04-04T07:07:19","date_gmt":"2023-04-04T07:07:19","guid":{"rendered":"https:\/\/labandadelpanda.es\/politica-de-privacitat\/"},"modified":"2025-09-01T10:52:47","modified_gmt":"2025-09-01T10:52:47","slug":"politica-de-privacitat","status":"publish","type":"page","link":"https:\/\/labandadelpanda.es\/ca\/politica-de-privacitat\/","title":{"rendered":"Pol\u00edtica de Privacitat"},"content":{"rendered":"<p><div class=\"fusion-fullwidth fullwidth-box fusion-builder-row-1 fusion-flex-container has-pattern-background has-mask-background fusion-parallax-none nonhundred-percent-fullwidth non-hundred-percent-height-scrolling lazyload\" style=\"--awb-background-blend-mode:multiply;--awb-border-radius-top-left:0px;--awb-border-radius-top-right:0px;--awb-border-radius-bottom-right:0px;--awb-border-radius-bottom-left:0px;--awb-padding-top:15%;--awb-padding-bottom:15%;--awb-margin-bottom:0px;--awb-background-color:rgba(16,16,21,0.28);--awb-background-size:cover;\" data-bg=\"https:\/\/labandadelpanda.es\/wp-content\/uploads\/2023\/04\/bg-legal-lbdp.jpg\" ><div class=\"awb-background-pattern\" style=\"background-image:  url(data:image\/svg+xml;utf8,%3Csvg%20width%3D%2240%22%20height%3D%2240%22%20fill%3D%22none%22%20xmlns%3D%22http%3A%2F%2Fwww.w3.org%2F2000%2Fsvg%22%3E%3Cpath%20fill-rule%3D%22evenodd%22%20clip-rule%3D%22evenodd%22%20d%3D%22M0%2038.59l2.83-2.83%201.41%201.41L1.41%2040H0v-1.41zM0%201.4l2.83%202.83%201.41-1.41L1.41%200H0v1.41-.01zM38.59%2040l-2.83-2.83%201.41-1.41L40%2038.59V40h-1.41zM40%201.41l-2.83%202.83-1.41-1.41L38.59%200H40v1.41z%22%20fill%3D%22rgba%280%2C0%2C0%2C0.3%29%22%2F%3E%3Cpath%20d%3D%22M22.83%2015.77L20%2018.6v-.01l-2.83-2.83-1.41%201.41L18.59%2020l-2.83%202.83%201.41%201.41L20%2021.41l2.83%202.83%201.41-1.41L21.41%2020l2.83-2.82-1.41-1.41z%22%20fill%3D%22rgba%280%2C0%2C0%2C0.3%29%22%2F%3E%3C%2Fsvg%3E);opacity: 0.06 ;\"><\/div><div class=\"fusion-builder-row fusion-row fusion-flex-align-items-flex-start\" style=\"max-width:calc( 1140px + 0px );margin-left: calc(-0px \/ 2 );margin-right: calc(-0px \/ 2 );\"><div class=\"fusion-layout-column fusion_builder_column fusion-builder-column-0 fusion_builder_column_1_1 1_1 fusion-flex-column fusion-animated\" style=\"--awb-bg-blend:overlay;--awb-bg-size:cover;--awb-width-large:100%;--awb-margin-top-large:0px;--awb-spacing-right-large:0px;--awb-margin-bottom-large:0px;--awb-spacing-left-large:0px;--awb-width-medium:100%;--awb-spacing-right-medium:0px;--awb-spacing-left-medium:0px;--awb-width-small:100%;--awb-spacing-right-small:0px;--awb-spacing-left-small:0px;\" data-animationType=\"fadeInDown\" data-animationDuration=\"1.0\" data-animationOffset=\"top-into-view\"><div class=\"fusion-column-wrapper fusion-column-has-shadow fusion-flex-justify-content-flex-start fusion-content-layout-column\"><div class=\"fusion-title title fusion-title-1 fusion-sep-none fusion-title-center fusion-title-text fusion-title-size-one\" style=\"--awb-margin-bottom:0px;--awb-margin-bottom-small:0px;--awb-font-size:65px;\"><h1 class=\"title-heading-center fusion-responsive-typography-calculated\" style=\"margin:0;font-size:1em;--fontSize:65;line-height:var(--awb-typography1-line-height);\">Pol\u00edtica de Privacitat<\/h1><\/div><\/div><\/div><\/div><\/div><div class=\"fusion-fullwidth fullwidth-box fusion-builder-row-2 fusion-flex-container nonhundred-percent-fullwidth non-hundred-percent-height-scrolling\" style=\"--awb-border-radius-top-left:0px;--awb-border-radius-top-right:0px;--awb-border-radius-bottom-right:0px;--awb-border-radius-bottom-left:0px;--awb-padding-top:2%;--awb-padding-bottom:6%;--awb-padding-top-small:21.371499999999997px;--awb-margin-top:0px;--awb-background-color:var(--awb-color8);\" ><div class=\"fusion-builder-row fusion-row fusion-flex-align-items-flex-start\" style=\"max-width:calc( 1140px + 0px );margin-left: calc(-0px \/ 2 );margin-right: calc(-0px \/ 2 );\"><div class=\"fusion-layout-column fusion_builder_column fusion-builder-column-1 fusion_builder_column_1_1 1_1 fusion-flex-column fusion-flex-align-self-flex-start fusion-column-no-min-height fusion-animated\" style=\"--awb-padding-top:40px;--awb-padding-right:15%;--awb-padding-bottom:60px;--awb-padding-left:15%;--awb-bg-blend:overlay;--awb-bg-size:cover;--awb-width-large:100%;--awb-margin-top-large:0px;--awb-spacing-right-large:0px;--awb-margin-bottom-large:0px;--awb-spacing-left-large:0px;--awb-width-medium:100%;--awb-spacing-right-medium:0px;--awb-spacing-left-medium:0px;--awb-width-small:100%;--awb-spacing-right-small:0px;--awb-spacing-left-small:0px;\" data-animationType=\"fadeInDown\" data-animationDuration=\"1.0\" data-animationOffset=\"top-into-view\"><div class=\"fusion-column-wrapper fusion-column-has-shadow fusion-flex-justify-content-flex-start fusion-content-layout-column\"><div class=\"fusion-title title fusion-title-2 fusion-sep-none fusion-title-center fusion-title-text fusion-title-size-two\" style=\"--awb-text-color:var(--awb-color4);--awb-margin-bottom:0px;--awb-margin-bottom-small:0px;--awb-font-size:25px;\"><h2 class=\"title-heading-center fusion-responsive-typography-calculated\" style=\"font-family:var(--awb-typography2-font-family);font-weight:var(--awb-typography2-font-weight);font-style:var(--awb-typography2-font-style);margin:0;font-size:1em;letter-spacing:var(--awb-typography2-letter-spacing);text-transform:var(--awb-typography2-text-transform);--fontSize:25;line-height:1.39;\"><\/h2><\/div><div class=\"fusion-text fusion-text-1\"><h3 class=\"fusion-responsive-typography-calculated\" style=\"--fontsize: 20; line-height: 1.3; --minfontsize: 20;\" data-fontsize=\"20\" data-lineheight=\"26px\"><strong>1. Recollida, tractament i \u00fas de les dades personals a la web<\/strong><\/h3>\n<p>En base al que disposa el Reglament General de Protecci\u00f3 de Dades 2016\/679 (RGPD) i la Llei Org\u00e0nica 3\/2018, de Protecci\u00f3 de Dades Personals i garantia de drets digitals (LOPDGDD), us informem que per fer \u00fas alguns dels serveis que els ofereix la nostra web, pot ser necessari que ens subministri determinades dades de car\u00e0cter personal que seran incorporades a fitxers automatitzats. Complint amb les noves disposicions del Reglament (UE) 2016\/679 del PE i del Consell de 27 d&#8217;Abril de 2016 i de la Llei Org\u00e0nica 3\/2018, de 5 de desembre, de Protecci\u00f3 de Dades Personals i garantia de drets digitals, relatives a la protecci\u00f3 de les persones f\u00edsiques pel que fa al tractament de dades personals i a la lliure circulaci\u00f3 d&#8217;aquestes dades i pel que es deroga la Directiva 95\/46\/CE, li informem que el responsable del tractament de les dades \u00e9s:<\/p>\n<p>Denominaci\u00f3 social: LA BANDA DEL PANDA CREW, S.L.U.<\/p>\n<p>NIF: B10740165<\/p>\n<p>Domicili principal: CARRER BARCELONETA, 1\u00ba B, &#8211; 25617 LA R\u00c0PITA (Lleida)<\/p>\n<p>Correu electr\u00f2nic: administracion@labandadelpanda.es<\/p>\n<p>Tel\u00e8fon de contacte: 973674078<\/p>\n<p>P\u00e0gina web: www.labandadelpanda.es<\/p>\n<p>Per fer qualsevol tipus d&#8217;observaci\u00f3 respecte a possibles incompliments dels drets de propietat intel\u00b7lectual o industrial, aix\u00ed com sobre qualsevol dels continguts del lloc web, ho podeu fer posant-vos en contacte amb l&#8217;empresa a trav\u00e9s de qualsevol dels mitjans indicats anteriorment. Els continguts del Lloc Web tenen com a finalitat informar els usuaris, dels serveis oferts per l&#8217;empresa com a conseq\u00fc\u00e8ncia de les sol\u00b7licituds, gestions o tr\u00e0mits que l&#8217;Usuari faci mitjan\u00e7ant la web. Les dades objecte de tractament seran aquelles que ens faciliti a trav\u00e9s dels formularis que en cada moment contingui la p\u00e0gina o a trav\u00e9s dels correus electr\u00f2nics que l&#8217;Usuari dirigeixi a les adreces de correu electr\u00f2nic identificades a la mateixa, aix\u00ed com aquelles altres que es generin durant el manteniment de la relaci\u00f3 corresponent. Tots els camps que apareixen assenyalats com a obligatoris en qualsevol dels formularis hauran de ser emplenats necess\u00e0riament, de manera que l&#8217;omissi\u00f3 d&#8217;algun d&#8217;ells podr\u00e0 comportar la impossibilitat que puguem atendre la vostra sol\u00b7licitud o prestar-vos els serveis corresponents.<\/p>\n<p>Addicionalment, durant aquesta recollida de dades, \u00e9s possible que se&#8217;n sol\u00b7liciti el consentiment per a una altra s\u00e8rie de finalitats que no guarden una relaci\u00f3 directa amb el servei o la relaci\u00f3 corresponent. En cas que no estigui d&#8217;acord amb aquests tractaments addicionals, marqueu la casella destinada a aquest efecte segons correspongui.<\/p>\n<p>Sol\u00b7licitants d&#8217;informaci\u00f3: Les dades personals utilitzades en aquests casos procedeixen del mateix interessat, el qual les proporciona a LA BANDA DEL PANDA CREW, S.L.U. en completar el formulari de contacte contingut al Lloc Web, en fer una trucada telef\u00f2nica, o en enviar un correu.<\/p>\n<p>Aquestes dades es fan servir amb la finalitat de resoldre les consultes i proporcionar informaci\u00f3 a aquells que ho demanin o ho autoritzin expressament, principalment per mitj\u00e0 del correu electr\u00f2nic.<\/p>\n<p>La persona que accedeixi a aquest Lloc Web (d&#8217;ara endavant, l&#8217;Usuari), assegura que t\u00e9 l&#8217;edat m\u00ednima legal establerta pel Reglament General de Protecci\u00f3 de Dades 679\/2016 (14 anys) o per la normativa nacional que sigui aplicable per atorgar el consentiment en relaci\u00f3 amb els Serveis de la Societat de la Informaci\u00f3.<\/p>\n<p>Mitjan\u00e7ant l&#8217;acc\u00e9s a aquest Lloc Web, l&#8217;Usuari accepta expressament totes les cl\u00e0usules de la vostra informaci\u00f3 legal, d&#8217;aquesta pol\u00edtica de privacitat, i de la seva pol\u00edtica de cookies, aix\u00ed com de totes aquelles condicions particulars recollides per a la utilitzaci\u00f3 de determinats serveis. En cas de no acceptar alguna de les cl\u00e0usules esmentades, l&#8217;Usuari haur\u00e0 d&#8217;abstenir-se d&#8217;accedir a aquest Lloc Web.<\/p>\n<p>En accedir l&#8217;Usuari als comptes de LA BANDA DEL PANDA CREW, S.L.U. a les xarxes socials accepta el tractament de les seves dades personals per part de les mateixes segons les seves pol\u00edtiques de privacitat: Pol\u00edtica de privacitat de xarxes socials.<\/p>\n<h3 class=\"fusion-responsive-typography-calculated\" style=\"--fontsize: 20; line-height: 1.3; --minfontsize: 20;\" data-fontsize=\"20\" data-lineheight=\"26px\"><strong>2. Finalitat del tractament de les dades personals<\/strong><\/h3>\n<p><b>2.1. Amb quina finalitat tractarem les teves dades personals?<\/b><\/p>\n<p>A LA BANDA DEL PANDA CREW, S.L.U. tractarem les teves dades personals, recollides a trav\u00e9s del Lloc Web amb les seg\u00fcents finalitats:<\/p>\n<ul>\n<li>Enviament d&#8217;informaci\u00f3 sol\u00b7licitada a trav\u00e9s dels formularis de contacte disposats al Lloc Web per a la finalitat sol\u00b7licitar qualsevol tipus de consulta relacionada amb els productes o serveis que presta l&#8217;empresa.<\/li>\n<\/ul>\n<p>Aix\u00ed mateix, et recordem que et pots oposar a l&#8217;enviament de comunicacions comercials per qualsevol via i en qualsevol moment, dirigint-te a LA BANDA DEL PANDA CREW, S.L.U.<\/p>\n<p>Els camps d&#8217;aquests registres s\u00f3n d&#8217;emplenament obligatori, i \u00e9s impossible fer les finalitats expressades si no s&#8217;aporten aquestes dades.<\/p>\n<p><b>2.2. Per quant de temps es conserven les dades personals recollides?<\/b><\/p>\n<p>Les dades personals proporcionades es conservaran mentre es gestiona la seva comunicaci\u00f3 i\/o no sol\u00b7licitis la seva supressi\u00f3 i durant el temps m\u00ednim necessari per complir les obligacions legals o poguessin derivar-se responsabilitats legals pels serveis prestats.<\/p>\n<h3 class=\"fusion-responsive-typography-calculated\" style=\"--fontsize: 20; line-height: 1.3; --minfontsize: 20;\" data-fontsize=\"20\" data-lineheight=\"26px\"><strong>3. Legitimaci\u00f3<\/strong><\/h3>\n<p>El tractament de les teves dades es realitza amb les bases jur\u00eddiques seg\u00fcents que legitimen el mateix:<\/p>\n<ul>\n<li>El consentiment lliure, espec\u00edfic, informat i inequ\u00edvoc, en tant que t&#8217;informem posant a la teva disposici\u00f3 aquesta pol\u00edtica de privacitat, que despr\u00e9s de llegir-la, en cas d&#8217;estar conforme, pots acceptar mitjan\u00e7ant una declaraci\u00f3 o una clara acci\u00f3 afirmativa, com el marcatge d&#8217;una casella disposada a aquest efecte. En cas que no ens facilitis les teves dades o les facis de forma err\u00f2nia o incompleta, no podrem atendre la teva sol\u00b7licitud, resultant del tot impossible proporcionar-te la informaci\u00f3 sol\u00b7licitada o dur a terme la contractaci\u00f3 dels serveis.<\/li>\n<\/ul>\n<h3 class=\"fusion-responsive-typography-calculated\" style=\"--fontsize: 20; line-height: 1.3; --minfontsize: 20;\" data-fontsize=\"20\" data-lineheight=\"26px\"><strong>4. Garantia<\/strong><\/h3>\n<p>L&#8217;Usuari garanteix que les dades aportades s\u00f3n vertaderes, exactes, completes i actualitzades, i \u00e9s responsable de qualsevol dany o perjudici, directe o indirecte, que es pugui ocasionar com a conseq\u00fc\u00e8ncia de l&#8217;incompliment d&#8217;aquesta obligaci\u00f3. En cas que les dades aportades pertanyessin a un tercer, l&#8217;Usuari garanteix que ha informat aquest tercer i ha obtingut la seva autoritzaci\u00f3 per facilitar les seves dades personals a LA BANDA DEL PANDA CREW, S.L.U.<\/p>\n<h3 class=\"fusion-responsive-typography-calculated\" style=\"--fontsize: 20; line-height: 1.3; --minfontsize: 20;\" data-fontsize=\"20\" data-lineheight=\"26px\"><strong>5. Conservaci\u00f3 de les dades<\/strong><\/h3>\n<p>Les seves dades es conservaran mentre es mantingui la relaci\u00f3 contractual o durant els anys necessaris per complir les obligacions legals, mentre no sol\u00b7liciti el seu cessament o durant el temps necessari per a la realitzaci\u00f3 de les finalitats necess\u00e0ries per als recollits.<\/p>\n<h3 class=\"fusion-responsive-typography-calculated\" style=\"--fontsize: 20; line-height: 1.3; --minfontsize: 20;\" data-fontsize=\"20\" data-lineheight=\"26px\"><strong>6. Destinataris<\/strong><\/h3>\n<p>Les vostres dades seran conservades sota estrictes mesures de seguretat que garanteixin la confidencialitat i la seguretat dels mateixos. De la mateixa manera, nom\u00e9s seran cedits a les entitats i per a les finalitats seg\u00fcents:<\/p>\n<ul>\n<li>Entitats i prove\u00efdors que presten serveis a LA BANDA DEL PANDA CREW, S.L.U. per a la realitzaci\u00f3 correcta d&#8217;aquests serveis. Aquestes entitats i prove\u00efdors estan degudament acreditats i signen amb nosaltres el corresponent contracte de tractament de dades en compliment de la normativa de protecci\u00f3 de dades vigent.<\/li>\n<li>Organismes i entitats oficials en compliment de les normatives i les lleis vigents.<\/li>\n<\/ul>\n<p>Destinataris fora de la Uni\u00f3 Europea: LA BANDA DEL PANDA CREW, S.L.U. no cedeix dades personals a tercers ni contracta amb prove\u00efdors prestadors de serveis fora de la Uni\u00f3 Europea.<\/p>\n<p>Les dades no es comunicaran a cap tercer ali\u00e8 a LA BANDA DEL PANDA CREW, S.L.U., fora dels casos anteriorment descrits, excepte obligaci\u00f3 legal o autoritzaci\u00f3 pr\u00e8via.<\/p>\n<h3 class=\"fusion-responsive-typography-calculated\" style=\"--fontsize: 20; line-height: 1.3; --minfontsize: 20;\" data-fontsize=\"20\" data-lineheight=\"26px\"><strong>7. Drets<\/strong><\/h3>\n<p>Com a interessat que ens has proporcionat les teves dades personals, tens ple dret a obtenir confirmaci\u00f3 sobre si a LA BANDA DEL PANDA CREW, S.L.U. estem tractant les teves dades personals, i en concret est\u00e0s facultat per exercitar els drets seg\u00fcents que la normativa en mat\u00e8ria de protecci\u00f3 de dades et reconeix, d&#8217;acord amb el que preveu:<\/p>\n<ul>\n<li>Dret d&#8217;ACC\u00c9S a les vostres dades personals.<\/li>\n<li>Drets de sol\u00b7licitar la RECTIFICACI\u00d3 de les dades inexactes.<\/li>\n<li>Dret de sol\u00b7licitar la seva SUPRESSI\u00d3 quan, entre altres motius, les dades ja no siguin necess\u00e0ries per als fins que van ser recollides.<\/li>\n<li>En determinades circumst\u00e0ncies, podr\u00e0s sol\u00b7licitar la LIMITACI\u00d3 DEL TRACTAMENT de les teves dades, cas en qu\u00e8 \u00fanicament les conservarem per a l&#8217;exercici o la defensa de reclamacions.<\/li>\n<li>En determinades circumst\u00e0ncies i per motius relacionats amb la seva situaci\u00f3 particular, els interessats podran exercitar el dret d&#8217;OPOSICI\u00d3 al tractament de les dades. Deixarem de tractar les dades, tret de motius leg\u00edtims imperiosos, o l&#8217;exercici o la defensa de possibles reclamacions.<\/li>\n<li>En determinades circumst\u00e0ncies i per motius relacionats amb la teva situaci\u00f3 particular, podr\u00e0s sol\u00b7licitar el dret a la PORTABILITAT de les dades.<\/li>\n<\/ul>\n<p>Podr\u00e0s exercir aquests drets o sol\u00b7licitar informaci\u00f3 addicional presentant c\u00f2pia d&#8217;un document identificatiu i exposant-ne breument el cas i el dret que vol exercir, mitjan\u00e7ant carta adre\u00e7ada a LA BANDA DEL PANDA CREW, S.L.U. a la direcci\u00f3 principal situada a CARRER BARCELONETA, 1\u00baB, &#8211; 25617 LA R\u00c0PITA (Lleida). E-mail: administracion@labandadelpanda.es, o a trav\u00e9s de l&#8217;adre\u00e7a de correu electr\u00f2nic administracion@labandadelpanda.es.<\/p>\n<p>A m\u00e9s, en cas que s&#8217;hagi vulnerat qualsevol dels teus drets, l&#8217;interessat t\u00e9 dret a presentar una reclamaci\u00f3 davant de l&#8217;Ag\u00e8ncia Espanyola de Protecci\u00f3 de Dades (AEPD), al c\/ Jorge Juan, 6, 28001-Madrid o a trav\u00e9s de la seu electr\u00f2nica de l&#8217;AEPD: https:\/\/sedeagpd.gob.es\/sede-electronica-web\/.<\/p>\n<h3 class=\"fusion-responsive-typography-calculated\" style=\"--fontsize: 20; line-height: 1.3; --minfontsize: 20;\" data-fontsize=\"20\" data-lineheight=\"26px\"><strong>8. Durada i modificaci\u00f3 de la Pol\u00edtica de privacitat<\/strong><\/h3>\n<p>LA BANDA DEL PANDA CREW, S.L.U. es reserva el dret a modificar, totalment o parcialment, aquesta Pol\u00edtica de privacitat, publicant els canvis al Lloc Web. Aix\u00ed mateix, podr\u00e0 efectuar sense av\u00eds previ les modificacions que consideri oportunes, podent canviar, suprimir o afegir tant els continguts i serveis que presta, com la forma en qu\u00e8 aquests apareguin presentats o localitzats. En conseq\u00fc\u00e8ncia, s&#8217;entendran com a vigents, les condicions generals\/pol\u00edtiques que estiguin publicades en el moment en qu\u00e8 l&#8217;usuari accedeixi les haur\u00e0 de llegir peri\u00f2dicament.<\/p>\n<p>Amb independ\u00e8ncia del que disposa, LA BANDA DEL PANDA CREW, S.L.U. podr\u00e0 donar per acabat, suspendre o interrompre, en qualsevol moment sense necessitat de preav\u00eds, l&#8217;acc\u00e9s als continguts del Lloc Web, sense possibilitat per part de l&#8217;Usuari d&#8217;exigir cap indemnitzaci\u00f3.<\/p>\n<p>Pol\u00edtica de privacitat redactada i subministrat per PROTECTION REPORT SOLUTIONS, S.L., <a href=\"https:\/\/www.protectionreport.com\/\">empresa de RGPD<\/a>, qui es reserva les accions legals que corresponguin contra tot aquell que copi\u00ef i utilitzi de forma il\u00b7leg\u00edtima el contingut.<\/p>\n<\/div><\/div><\/div><\/div><\/div><\/p>\n","protected":false},"excerpt":{"rendered":"","protected":false},"author":1,"featured_media":0,"parent":0,"menu_order":0,"comment_status":"closed","ping_status":"closed","template":"100-width.php","meta":[],"aioseo_notices":[],"_links":{"self":[{"href":"https:\/\/labandadelpanda.es\/ca\/wp-json\/wp\/v2\/pages\/1330"}],"collection":[{"href":"https:\/\/labandadelpanda.es\/ca\/wp-json\/wp\/v2\/pages"}],"about":[{"href":"https:\/\/labandadelpanda.es\/ca\/wp-json\/wp\/v2\/types\/page"}],"author":[{"embeddable":true,"href":"https:\/\/labandadelpanda.es\/ca\/wp-json\/wp\/v2\/users\/1"}],"replies":[{"embeddable":true,"href":"https:\/\/labandadelpanda.es\/ca\/wp-json\/wp\/v2\/comments?post=1330"}],"version-history":[{"count":3,"href":"https:\/\/labandadelpanda.es\/ca\/wp-json\/wp\/v2\/pages\/1330\/revisions"}],"predecessor-version":[{"id":1339,"href":"https:\/\/labandadelpanda.es\/ca\/wp-json\/wp\/v2\/pages\/1330\/revisions\/1339"}],"wp:attachment":[{"href":"https:\/\/labandadelpanda.es\/ca\/wp-json\/wp\/v2\/media?parent=1330"}],"curies":[{"name":"wp","href":"https:\/\/api.w.org\/{rel}","templated":true}]}}