{"id":1256,"date":"2023-04-03T09:42:22","date_gmt":"2023-04-03T09:42:22","guid":{"rendered":"https:\/\/labandadelpanda.es\/?page_id=1256"},"modified":"2024-07-19T08:30:19","modified_gmt":"2024-07-19T08:30:19","slug":"jocs","status":"publish","type":"page","link":"https:\/\/labandadelpanda.es\/ca\/serveis\/jocs\/","title":{"rendered":"Jocs"},"content":{"rendered":"<p><div class=\"fusion-fullwidth fullwidth-box fusion-builder-row-1 fusion-flex-container has-pattern-background has-mask-background fusion-parallax-none nonhundred-percent-fullwidth non-hundred-percent-height-scrolling lazyload\" style=\"--awb-background-position:center bottom;--awb-background-blend-mode:multiply;--awb-border-radius-top-left:0px;--awb-border-radius-top-right:0px;--awb-border-radius-bottom-right:0px;--awb-border-radius-bottom-left:0px;--awb-padding-top:15%;--awb-padding-bottom:15%;--awb-margin-bottom:0px;--awb-background-color:rgba(16,16,21,0.28);--awb-background-size:cover;\" data-bg=\"https:\/\/labandadelpanda.es\/wp-content\/uploads\/2023\/04\/header-juegos-banda-panda.jpg\" ><div class=\"fusion-builder-row fusion-row fusion-flex-align-items-flex-start\" style=\"max-width:calc( 1140px + 0px );margin-left: calc(-0px \/ 2 );margin-right: calc(-0px \/ 2 );\"><div class=\"fusion-layout-column fusion_builder_column fusion-builder-column-0 fusion_builder_column_1_1 1_1 fusion-flex-column fusion-animated\" style=\"--awb-bg-blend:overlay;--awb-bg-size:cover;--awb-width-large:100%;--awb-margin-top-large:0px;--awb-spacing-right-large:0px;--awb-margin-bottom-large:0px;--awb-spacing-left-large:0px;--awb-width-medium:100%;--awb-spacing-right-medium:0px;--awb-spacing-left-medium:0px;--awb-width-small:100%;--awb-spacing-right-small:0px;--awb-spacing-left-small:0px;\" data-animationType=\"fadeInDown\" data-animationDuration=\"1.0\" data-animationOffset=\"top-into-view\"><div class=\"fusion-column-wrapper fusion-column-has-shadow fusion-flex-justify-content-flex-start fusion-content-layout-column\"><div class=\"fusion-title title fusion-title-1 fusion-sep-none fusion-title-center fusion-title-text fusion-title-size-one\" style=\"--awb-margin-bottom:0px;--awb-margin-bottom-small:0px;--awb-font-size:65px;\"><h1 class=\"title-heading-center fusion-responsive-typography-calculated\" style=\"margin:0;font-size:1em;--fontSize:65;line-height:var(--awb-typography1-line-height);\">Jocs<\/h1><\/div><\/div><\/div><\/div><\/div><div class=\"fusion-fullwidth fullwidth-box fusion-builder-row-2 fusion-flex-container fusion-parallax-none nonhundred-percent-fullwidth non-hundred-percent-height-scrolling lazyload\" style=\"--awb-border-radius-top-left:0px;--awb-border-radius-top-right:0px;--awb-border-radius-bottom-right:0px;--awb-border-radius-bottom-left:0px;--awb-padding-top:2%;--awb-padding-bottom:6%;--awb-padding-top-small:21.371499999999997px;--awb-margin-top:0px;--awb-background-color:var(--awb-color8);--awb-background-size:cover;\" data-bg=\"https:\/\/labandadelpanda.es\/wp-content\/uploads\/2023\/04\/bg-general-lbdp.jpg\" ><div class=\"fusion-builder-row fusion-row fusion-flex-align-items-flex-start\" style=\"max-width:calc( 1140px + 0px );margin-left: calc(-0px \/ 2 );margin-right: calc(-0px \/ 2 );\"><div class=\"fusion-layout-column fusion_builder_column fusion-builder-column-1 fusion_builder_column_1_1 1_1 fusion-flex-column fusion-flex-align-self-flex-start fusion-column-no-min-height fusion-animated\" style=\"--awb-padding-top:40px;--awb-padding-right:15%;--awb-padding-bottom:60px;--awb-padding-left:15%;--awb-bg-blend:overlay;--awb-bg-size:cover;--awb-width-large:100%;--awb-margin-top-large:0px;--awb-spacing-right-large:0px;--awb-margin-bottom-large:0px;--awb-spacing-left-large:0px;--awb-width-medium:100%;--awb-spacing-right-medium:0px;--awb-spacing-left-medium:0px;--awb-width-small:100%;--awb-spacing-right-small:0px;--awb-spacing-left-small:0px;\" data-animationType=\"fadeInDown\" data-animationDuration=\"1.0\" data-animationOffset=\"top-into-view\"><div class=\"fusion-column-wrapper fusion-column-has-shadow fusion-flex-justify-content-flex-start fusion-content-layout-column\"><div class=\"fusion-title title fusion-title-2 fusion-sep-none fusion-title-center fusion-title-text fusion-title-size-two\" style=\"--awb-text-color:var(--awb-color4);--awb-margin-bottom:20px;--awb-margin-bottom-small:20px;--awb-font-size:25px;\"><h2 class=\"title-heading-center fusion-responsive-typography-calculated\" style=\"font-family:var(--awb-typography2-font-family);font-weight:var(--awb-typography2-font-weight);font-style:var(--awb-typography2-font-style);margin:0;font-size:1em;letter-spacing:var(--awb-typography2-letter-spacing);text-transform:var(--awb-typography2-text-transform);--fontSize:25;line-height:1.39;\">Porta la diversi\u00f3 al seg\u00fcent nivell a les teves festes<\/h2><\/div><div class=\"fusion-text fusion-text-1\"><p style=\"text-align: center; color: #ffffff;\">Tenim una amplia selecci\u00f3 de jocs i activitats emocionants per a agregar a la teva festa! Des d&#8217;un toro mec\u00e0nic desafiant fins a emocionants jocs d&#8217;atzar, els nostres jocs s\u00f3n perfectes per a fer que els teus convidats s&#8217;emocionin i es diverteixin junts.<\/p>\n<p style=\"text-align: center; color: #ffffff;\">A m\u00e9s de ser una forma divertida d&#8217;unir als teus convidats, els nostres jocs tamb\u00e9n poden agregar un toc de compet\u00e8ncia amistosa al teu esdeveniment.<\/p>\n<p style=\"text-align: center; color: #ffffff;\"><b>Fes que els teus esdeveniments siguin encara m\u00e9s emocionants amb els nostres jocs i activitats plenes d&#8217;acci\u00f3!<\/b><\/p>\n<\/div><\/div><\/div><div class=\"fusion-layout-column fusion_builder_column fusion-builder-column-2 fusion_builder_column_1_1 1_1 fusion-flex-column fusion-animated\" style=\"--awb-bg-blend:overlay;--awb-bg-size:cover;--awb-width-large:100%;--awb-margin-top-large:0px;--awb-spacing-right-large:0px;--awb-margin-bottom-large:0px;--awb-spacing-left-large:0px;--awb-width-medium:100%;--awb-spacing-right-medium:0px;--awb-spacing-left-medium:0px;--awb-width-small:100%;--awb-spacing-right-small:0px;--awb-spacing-left-small:0px;\" data-animationType=\"fadeInUp\" data-animationDuration=\"1.0\" data-animationOffset=\"top-into-view\"><div class=\"fusion-column-wrapper fusion-column-has-shadow fusion-flex-justify-content-flex-start fusion-content-layout-column\"><div class=\"awb-gallery-wrapper awb-gallery-wrapper-1 button-span-no\" data-limit=\"10\" data-page=\"1\"><div style=\"margin:-10px;--awb-bordersize:4px;\" class=\"fusion-gallery fusion-gallery-container fusion-grid-3 fusion-columns-total-6 fusion-gallery-layout-grid fusion-gallery-1\"><div style=\"padding:10px;\" class=\"fusion-grid-column fusion-gallery-column fusion-gallery-column-3 hover-type-zoomin\"><div class=\"fusion-gallery-image\"><a href=\"https:\/\/labandadelpanda.es\/wp-content\/uploads\/2023\/04\/galeria-juegos-escape.jpg\" rel=\"noreferrer\" data-rel=\"iLightbox[gallery_image_1]\" class=\"fusion-lightbox\" target=\"_self\"><img decoding=\"async\" src=\"https:\/\/labandadelpanda.es\/wp-content\/uploads\/2023\/04\/galeria-juegos-escape.jpg\" data-orig-src=\"https:\/\/labandadelpanda.es\/wp-content\/uploads\/2023\/04\/galeria-juegos-escape.jpg\" width=\"1200\" height=\"758\" alt=\"\" title=\"galeria-juegos-escape\" aria-label=\"galeria-juegos-escape\" class=\"lazyload img-responsive wp-image-771\" srcset=\"data:image\/svg+xml,%3Csvg%20xmlns%3D%27http%3A%2F%2Fwww.w3.org%2F2000%2Fsvg%27%20width%3D%271200%27%20height%3D%27758%27%20viewBox%3D%270%200%201200%20758%27%3E%3Crect%20width%3D%271200%27%20height%3D%27758%27%20fill-opacity%3D%220%22%2F%3E%3C%2Fsvg%3E\" data-srcset=\"https:\/\/labandadelpanda.es\/wp-content\/uploads\/2023\/04\/galeria-juegos-escape-200x126.jpg 200w, https:\/\/labandadelpanda.es\/wp-content\/uploads\/2023\/04\/galeria-juegos-escape-400x253.jpg 400w, https:\/\/labandadelpanda.es\/wp-content\/uploads\/2023\/04\/galeria-juegos-escape-600x379.jpg 600w, https:\/\/labandadelpanda.es\/wp-content\/uploads\/2023\/04\/galeria-juegos-escape-800x505.jpg 800w, https:\/\/labandadelpanda.es\/wp-content\/uploads\/2023\/04\/galeria-juegos-escape.jpg 1200w\" data-sizes=\"auto\" data-orig-sizes=\"(min-width: 2200px) 100vw, (min-width: 824px) 373px, (min-width: 732px) 560px, (min-width: 640px) 732px, \" \/><\/a><\/div><\/div><div style=\"padding:10px;\" class=\"fusion-grid-column fusion-gallery-column fusion-gallery-column-3 hover-type-zoomin\"><div class=\"fusion-gallery-image\"><a href=\"https:\/\/labandadelpanda.es\/wp-content\/uploads\/2023\/04\/galeria-juegos-01.jpg\" rel=\"noreferrer\" data-rel=\"iLightbox[gallery_image_1]\" class=\"fusion-lightbox\" target=\"_self\"><img decoding=\"async\" src=\"https:\/\/labandadelpanda.es\/wp-content\/uploads\/2023\/04\/galeria-juegos-01.jpg\" data-orig-src=\"https:\/\/labandadelpanda.es\/wp-content\/uploads\/2023\/04\/galeria-juegos-01.jpg\" width=\"1200\" height=\"772\" alt=\"\" title=\"galeria-juegos-01\" aria-label=\"galeria-juegos-01\" class=\"lazyload img-responsive wp-image-695\" srcset=\"data:image\/svg+xml,%3Csvg%20xmlns%3D%27http%3A%2F%2Fwww.w3.org%2F2000%2Fsvg%27%20width%3D%271200%27%20height%3D%27772%27%20viewBox%3D%270%200%201200%20772%27%3E%3Crect%20width%3D%271200%27%20height%3D%27772%27%20fill-opacity%3D%220%22%2F%3E%3C%2Fsvg%3E\" data-srcset=\"https:\/\/labandadelpanda.es\/wp-content\/uploads\/2023\/04\/galeria-juegos-01-200x129.jpg 200w, https:\/\/labandadelpanda.es\/wp-content\/uploads\/2023\/04\/galeria-juegos-01-400x257.jpg 400w, https:\/\/labandadelpanda.es\/wp-content\/uploads\/2023\/04\/galeria-juegos-01-600x386.jpg 600w, https:\/\/labandadelpanda.es\/wp-content\/uploads\/2023\/04\/galeria-juegos-01-800x515.jpg 800w, https:\/\/labandadelpanda.es\/wp-content\/uploads\/2023\/04\/galeria-juegos-01.jpg 1200w\" data-sizes=\"auto\" data-orig-sizes=\"(min-width: 2200px) 100vw, (min-width: 824px) 373px, (min-width: 732px) 560px, (min-width: 640px) 732px, \" \/><\/a><\/div><\/div><div style=\"padding:10px;\" class=\"fusion-grid-column fusion-gallery-column fusion-gallery-column-3 hover-type-zoomin\"><div class=\"fusion-gallery-image\"><a href=\"https:\/\/labandadelpanda.es\/wp-content\/uploads\/2023\/04\/galeria-juegos-toros.jpg\" rel=\"noreferrer\" data-rel=\"iLightbox[gallery_image_1]\" class=\"fusion-lightbox\" target=\"_self\"><img decoding=\"async\" src=\"https:\/\/labandadelpanda.es\/wp-content\/uploads\/2023\/04\/galeria-juegos-toros.jpg\" data-orig-src=\"https:\/\/labandadelpanda.es\/wp-content\/uploads\/2023\/04\/galeria-juegos-toros.jpg\" width=\"1200\" height=\"758\" alt=\"\" title=\"galeria-juegos-toros\" aria-label=\"galeria-juegos-toros\" class=\"lazyload img-responsive wp-image-773\" srcset=\"data:image\/svg+xml,%3Csvg%20xmlns%3D%27http%3A%2F%2Fwww.w3.org%2F2000%2Fsvg%27%20width%3D%271200%27%20height%3D%27758%27%20viewBox%3D%270%200%201200%20758%27%3E%3Crect%20width%3D%271200%27%20height%3D%27758%27%20fill-opacity%3D%220%22%2F%3E%3C%2Fsvg%3E\" data-srcset=\"https:\/\/labandadelpanda.es\/wp-content\/uploads\/2023\/04\/galeria-juegos-toros-200x126.jpg 200w, https:\/\/labandadelpanda.es\/wp-content\/uploads\/2023\/04\/galeria-juegos-toros-400x253.jpg 400w, https:\/\/labandadelpanda.es\/wp-content\/uploads\/2023\/04\/galeria-juegos-toros-600x379.jpg 600w, https:\/\/labandadelpanda.es\/wp-content\/uploads\/2023\/04\/galeria-juegos-toros-800x505.jpg 800w, https:\/\/labandadelpanda.es\/wp-content\/uploads\/2023\/04\/galeria-juegos-toros.jpg 1200w\" data-sizes=\"auto\" data-orig-sizes=\"(min-width: 2200px) 100vw, (min-width: 824px) 373px, (min-width: 732px) 560px, (min-width: 640px) 732px, \" \/><\/a><\/div><\/div><div class=\"clearfix\"><\/div><div style=\"padding:10px;\" class=\"fusion-grid-column fusion-gallery-column fusion-gallery-column-3 hover-type-zoomin\"><div class=\"fusion-gallery-image\"><a href=\"https:\/\/labandadelpanda.es\/wp-content\/uploads\/2023\/04\/galeria-juegos-07.jpg\" rel=\"noreferrer\" data-rel=\"iLightbox[gallery_image_1]\" class=\"fusion-lightbox\" target=\"_self\"><img decoding=\"async\" src=\"https:\/\/labandadelpanda.es\/wp-content\/uploads\/2023\/04\/galeria-juegos-07.jpg\" data-orig-src=\"https:\/\/labandadelpanda.es\/wp-content\/uploads\/2023\/04\/galeria-juegos-07.jpg\" width=\"1200\" height=\"772\" alt=\"\" title=\"galeria-juegos-07\" aria-label=\"galeria-juegos-07\" class=\"lazyload img-responsive wp-image-717\" srcset=\"data:image\/svg+xml,%3Csvg%20xmlns%3D%27http%3A%2F%2Fwww.w3.org%2F2000%2Fsvg%27%20width%3D%271200%27%20height%3D%27772%27%20viewBox%3D%270%200%201200%20772%27%3E%3Crect%20width%3D%271200%27%20height%3D%27772%27%20fill-opacity%3D%220%22%2F%3E%3C%2Fsvg%3E\" data-srcset=\"https:\/\/labandadelpanda.es\/wp-content\/uploads\/2023\/04\/galeria-juegos-07-200x129.jpg 200w, https:\/\/labandadelpanda.es\/wp-content\/uploads\/2023\/04\/galeria-juegos-07-400x257.jpg 400w, https:\/\/labandadelpanda.es\/wp-content\/uploads\/2023\/04\/galeria-juegos-07-600x386.jpg 600w, https:\/\/labandadelpanda.es\/wp-content\/uploads\/2023\/04\/galeria-juegos-07-800x515.jpg 800w, https:\/\/labandadelpanda.es\/wp-content\/uploads\/2023\/04\/galeria-juegos-07.jpg 1200w\" data-sizes=\"auto\" data-orig-sizes=\"(min-width: 2200px) 100vw, (min-width: 824px) 373px, (min-width: 732px) 560px, (min-width: 640px) 732px, \" \/><\/a><\/div><\/div><div style=\"padding:10px;\" class=\"fusion-grid-column fusion-gallery-column fusion-gallery-column-3 hover-type-zoomin\"><div class=\"fusion-gallery-image\"><a href=\"https:\/\/labandadelpanda.es\/wp-content\/uploads\/2023\/04\/galeria-juegos-pastillas.jpg\" rel=\"noreferrer\" data-rel=\"iLightbox[gallery_image_1]\" class=\"fusion-lightbox\" target=\"_self\"><img decoding=\"async\" src=\"https:\/\/labandadelpanda.es\/wp-content\/uploads\/2023\/04\/galeria-juegos-pastillas.jpg\" data-orig-src=\"https:\/\/labandadelpanda.es\/wp-content\/uploads\/2023\/04\/galeria-juegos-pastillas.jpg\" width=\"1200\" height=\"758\" alt=\"\" title=\"galeria-juegos-pastillas\" aria-label=\"galeria-juegos-pastillas\" class=\"lazyload img-responsive wp-image-772\" srcset=\"data:image\/svg+xml,%3Csvg%20xmlns%3D%27http%3A%2F%2Fwww.w3.org%2F2000%2Fsvg%27%20width%3D%271200%27%20height%3D%27758%27%20viewBox%3D%270%200%201200%20758%27%3E%3Crect%20width%3D%271200%27%20height%3D%27758%27%20fill-opacity%3D%220%22%2F%3E%3C%2Fsvg%3E\" data-srcset=\"https:\/\/labandadelpanda.es\/wp-content\/uploads\/2023\/04\/galeria-juegos-pastillas-200x126.jpg 200w, https:\/\/labandadelpanda.es\/wp-content\/uploads\/2023\/04\/galeria-juegos-pastillas-400x253.jpg 400w, https:\/\/labandadelpanda.es\/wp-content\/uploads\/2023\/04\/galeria-juegos-pastillas-600x379.jpg 600w, https:\/\/labandadelpanda.es\/wp-content\/uploads\/2023\/04\/galeria-juegos-pastillas-800x505.jpg 800w, https:\/\/labandadelpanda.es\/wp-content\/uploads\/2023\/04\/galeria-juegos-pastillas.jpg 1200w\" data-sizes=\"auto\" data-orig-sizes=\"(min-width: 2200px) 100vw, (min-width: 824px) 373px, (min-width: 732px) 560px, (min-width: 640px) 732px, \" \/><\/a><\/div><\/div><div style=\"padding:10px;\" class=\"fusion-grid-column fusion-gallery-column fusion-gallery-column-3 hover-type-zoomin\"><div class=\"fusion-gallery-image\"><a href=\"https:\/\/labandadelpanda.es\/wp-content\/uploads\/2023\/04\/galeria-juegos-04.jpg\" rel=\"noreferrer\" data-rel=\"iLightbox[gallery_image_1]\" class=\"fusion-lightbox\" target=\"_self\"><img decoding=\"async\" src=\"https:\/\/labandadelpanda.es\/wp-content\/uploads\/2023\/04\/galeria-juegos-04.jpg\" data-orig-src=\"https:\/\/labandadelpanda.es\/wp-content\/uploads\/2023\/04\/galeria-juegos-04.jpg\" width=\"1200\" height=\"772\" alt=\"\" title=\"galeria-juegos-04\" aria-label=\"galeria-juegos-04\" class=\"lazyload img-responsive wp-image-698\" srcset=\"data:image\/svg+xml,%3Csvg%20xmlns%3D%27http%3A%2F%2Fwww.w3.org%2F2000%2Fsvg%27%20width%3D%271200%27%20height%3D%27772%27%20viewBox%3D%270%200%201200%20772%27%3E%3Crect%20width%3D%271200%27%20height%3D%27772%27%20fill-opacity%3D%220%22%2F%3E%3C%2Fsvg%3E\" data-srcset=\"https:\/\/labandadelpanda.es\/wp-content\/uploads\/2023\/04\/galeria-juegos-04-200x129.jpg 200w, https:\/\/labandadelpanda.es\/wp-content\/uploads\/2023\/04\/galeria-juegos-04-400x257.jpg 400w, https:\/\/labandadelpanda.es\/wp-content\/uploads\/2023\/04\/galeria-juegos-04-600x386.jpg 600w, https:\/\/labandadelpanda.es\/wp-content\/uploads\/2023\/04\/galeria-juegos-04-800x515.jpg 800w, https:\/\/labandadelpanda.es\/wp-content\/uploads\/2023\/04\/galeria-juegos-04.jpg 1200w\" data-sizes=\"auto\" data-orig-sizes=\"(min-width: 2200px) 100vw, (min-width: 824px) 373px, (min-width: 732px) 560px, (min-width: 640px) 732px, \" \/><\/a><\/div><\/div><div class=\"clearfix\"><\/div><\/div><\/div><\/div><\/div><div class=\"fusion-layout-column fusion_builder_column fusion-builder-column-3 fusion_builder_column_1_2 1_2 fusion-flex-column\" style=\"--awb-bg-size:cover;--awb-width-large:50%;--awb-margin-top-large:30px;--awb-spacing-right-large:18px;--awb-margin-bottom-large:20px;--awb-spacing-left-large:0px;--awb-width-medium:50%;--awb-order-medium:0;--awb-spacing-right-medium:18px;--awb-spacing-left-medium:0px;--awb-width-small:50%;--awb-order-small:0;--awb-spacing-right-small:18px;--awb-spacing-left-small:0px;\"><div class=\"fusion-column-wrapper fusion-column-has-shadow fusion-flex-justify-content-flex-start fusion-content-layout-column\"><div style=\"text-align:right;\"><a class=\"fusion-button button-flat fusion-button-default-size button-default fusion-button-default button-1 fusion-button-default-span fusion-button-default-type\" target=\"_self\" href=\"https:\/\/labandadelpanda.es\/ca\/serveis\/serveis-extra\/\"><i class=\"fa-angle-double-left fas button-icon-left\" aria-hidden=\"true\"><\/i><span class=\"fusion-button-text\">Serveis extra<\/span><\/a><\/div><\/div><\/div><div class=\"fusion-layout-column fusion_builder_column fusion-builder-column-4 fusion_builder_column_1_2 1_2 fusion-flex-column\" style=\"--awb-bg-size:cover;--awb-width-large:50%;--awb-margin-top-large:30px;--awb-spacing-right-large:0px;--awb-margin-bottom-large:20px;--awb-spacing-left-large:18px;--awb-width-medium:50%;--awb-order-medium:0;--awb-spacing-right-medium:0px;--awb-spacing-left-medium:18px;--awb-width-small:50%;--awb-order-small:0;--awb-spacing-right-small:0px;--awb-spacing-left-small:18px;\"><div class=\"fusion-column-wrapper fusion-column-has-shadow fusion-flex-justify-content-center fusion-content-layout-column\"><div style=\"text-align:left;\"><a class=\"fusion-button button-flat fusion-button-default-size button-default fusion-button-default button-2 fusion-button-default-span fusion-button-default-type\" target=\"_self\" href=\"https:\/\/labandadelpanda.es\/ca\/serveis\/cotillo\/\"><span class=\"fusion-button-text\">Cotill\u00f3<\/span><i class=\"fa-angle-double-right fas button-icon-right\" aria-hidden=\"true\"><\/i><\/a><\/div><\/div><\/div><\/div><\/div><\/p>\n","protected":false},"excerpt":{"rendered":"","protected":false},"author":1,"featured_media":0,"parent":1202,"menu_order":0,"comment_status":"closed","ping_status":"closed","template":"100-width.php","meta":[],"aioseo_notices":[],"_links":{"self":[{"href":"https:\/\/labandadelpanda.es\/ca\/wp-json\/wp\/v2\/pages\/1256"}],"collection":[{"href":"https:\/\/labandadelpanda.es\/ca\/wp-json\/wp\/v2\/pages"}],"about":[{"href":"https:\/\/labandadelpanda.es\/ca\/wp-json\/wp\/v2\/types\/page"}],"author":[{"embeddable":true,"href":"https:\/\/labandadelpanda.es\/ca\/wp-json\/wp\/v2\/users\/1"}],"replies":[{"embeddable":true,"href":"https:\/\/labandadelpanda.es\/ca\/wp-json\/wp\/v2\/comments?post=1256"}],"version-history":[{"count":5,"href":"https:\/\/labandadelpanda.es\/ca\/wp-json\/wp\/v2\/pages\/1256\/revisions"}],"predecessor-version":[{"id":1295,"href":"https:\/\/labandadelpanda.es\/ca\/wp-json\/wp\/v2\/pages\/1256\/revisions\/1295"}],"up":[{"embeddable":true,"href":"https:\/\/labandadelpanda.es\/ca\/wp-json\/wp\/v2\/pages\/1202"}],"wp:attachment":[{"href":"https:\/\/labandadelpanda.es\/ca\/wp-json\/wp\/v2\/media?parent=1256"}],"curies":[{"name":"wp","href":"https:\/\/api.w.org\/{rel}","templated":true}]}}