{"id":1250,"date":"2023-04-03T09:25:35","date_gmt":"2023-04-03T09:25:35","guid":{"rendered":"https:\/\/labandadelpanda.es\/?page_id=1250"},"modified":"2024-07-19T08:25:12","modified_gmt":"2024-07-19T08:25:12","slug":"efectes","status":"publish","type":"page","link":"https:\/\/labandadelpanda.es\/ca\/serveis\/efectes\/","title":{"rendered":"Efectes"},"content":{"rendered":"<p><div class=\"fusion-fullwidth fullwidth-box fusion-builder-row-1 fusion-flex-container has-pattern-background has-mask-background fusion-parallax-none nonhundred-percent-fullwidth non-hundred-percent-height-scrolling lazyload\" style=\"--awb-background-blend-mode:multiply;--awb-border-radius-top-left:0px;--awb-border-radius-top-right:0px;--awb-border-radius-bottom-right:0px;--awb-border-radius-bottom-left:0px;--awb-padding-top:15%;--awb-padding-bottom:15%;--awb-margin-top:0px;--awb-margin-bottom:0px;--awb-background-color:rgba(16,16,21,0.28);--awb-background-size:cover;\" data-bg=\"https:\/\/labandadelpanda.es\/wp-content\/uploads\/2023\/03\/slider-efectos-banda-panda.jpg\" ><div class=\"awb-background-pattern\" style=\"background-image:  url(data:image\/svg+xml;utf8,%3Csvg%20width%3D%2240%22%20height%3D%2240%22%20fill%3D%22none%22%20xmlns%3D%22http%3A%2F%2Fwww.w3.org%2F2000%2Fsvg%22%3E%3Cpath%20fill-rule%3D%22evenodd%22%20clip-rule%3D%22evenodd%22%20d%3D%22M0%2038.59l2.83-2.83%201.41%201.41L1.41%2040H0v-1.41zM0%201.4l2.83%202.83%201.41-1.41L1.41%200H0v1.41-.01zM38.59%2040l-2.83-2.83%201.41-1.41L40%2038.59V40h-1.41zM40%201.41l-2.83%202.83-1.41-1.41L38.59%200H40v1.41z%22%20fill%3D%22rgba%280%2C0%2C0%2C0.3%29%22%2F%3E%3Cpath%20d%3D%22M22.83%2015.77L20%2018.6v-.01l-2.83-2.83-1.41%201.41L18.59%2020l-2.83%202.83%201.41%201.41L20%2021.41l2.83%202.83%201.41-1.41L21.41%2020l2.83-2.82-1.41-1.41z%22%20fill%3D%22rgba%280%2C0%2C0%2C0.3%29%22%2F%3E%3C%2Fsvg%3E);opacity: 0.06 ;\"><\/div><div class=\"fusion-builder-row fusion-row fusion-flex-align-items-flex-start\" style=\"max-width:calc( 1140px + 0px );margin-left: calc(-0px \/ 2 );margin-right: calc(-0px \/ 2 );\"><div class=\"fusion-layout-column fusion_builder_column fusion-builder-column-0 fusion_builder_column_1_1 1_1 fusion-flex-column fusion-animated\" style=\"--awb-bg-blend:overlay;--awb-bg-size:cover;--awb-width-large:100%;--awb-margin-top-large:0px;--awb-spacing-right-large:0px;--awb-margin-bottom-large:0px;--awb-spacing-left-large:0px;--awb-width-medium:100%;--awb-spacing-right-medium:0px;--awb-spacing-left-medium:0px;--awb-width-small:100%;--awb-spacing-right-small:0px;--awb-spacing-left-small:0px;\" data-animationType=\"fadeInDown\" data-animationDuration=\"1.0\" data-animationOffset=\"top-into-view\"><div class=\"fusion-column-wrapper fusion-column-has-shadow fusion-flex-justify-content-flex-start fusion-content-layout-column\"><div class=\"fusion-title title fusion-title-1 fusion-sep-none fusion-title-center fusion-title-text fusion-title-size-one\" style=\"--awb-margin-bottom:0px;--awb-margin-bottom-small:0px;--awb-font-size:65px;\"><h1 class=\"title-heading-center fusion-responsive-typography-calculated\" style=\"margin:0;font-size:1em;--fontSize:65;line-height:var(--awb-typography1-line-height);\">Efectes<\/h1><\/div><\/div><\/div><\/div><\/div><div class=\"fusion-fullwidth fullwidth-box fusion-builder-row-2 fusion-flex-container fusion-parallax-none nonhundred-percent-fullwidth non-hundred-percent-height-scrolling lazyload\" style=\"--awb-border-radius-top-left:0px;--awb-border-radius-top-right:0px;--awb-border-radius-bottom-right:0px;--awb-border-radius-bottom-left:0px;--awb-padding-top:2%;--awb-padding-bottom:6%;--awb-padding-top-small:21.371499999999997px;--awb-margin-top:0px;--awb-background-color:var(--awb-color8);--awb-background-size:cover;\" data-bg=\"https:\/\/labandadelpanda.es\/wp-content\/uploads\/2023\/04\/bg-general-lbdp.jpg\" ><div class=\"fusion-builder-row fusion-row fusion-flex-align-items-flex-start\" style=\"max-width:calc( 1140px + 0px );margin-left: calc(-0px \/ 2 );margin-right: calc(-0px \/ 2 );\"><div class=\"fusion-layout-column fusion_builder_column fusion-builder-column-1 fusion_builder_column_1_1 1_1 fusion-flex-column fusion-flex-align-self-flex-start fusion-column-no-min-height fusion-animated\" style=\"--awb-padding-top:40px;--awb-padding-right:15%;--awb-padding-bottom:60px;--awb-padding-left:15%;--awb-bg-blend:overlay;--awb-bg-size:cover;--awb-width-large:100%;--awb-margin-top-large:0px;--awb-spacing-right-large:0px;--awb-margin-bottom-large:0px;--awb-spacing-left-large:0px;--awb-width-medium:100%;--awb-spacing-right-medium:0px;--awb-spacing-left-medium:0px;--awb-width-small:100%;--awb-spacing-right-small:0px;--awb-spacing-left-small:0px;\" data-animationType=\"fadeInDown\" data-animationDuration=\"1.0\" data-animationOffset=\"top-into-view\"><div class=\"fusion-column-wrapper fusion-column-has-shadow fusion-flex-justify-content-flex-start fusion-content-layout-column\"><div class=\"fusion-title title fusion-title-2 fusion-sep-none fusion-title-center fusion-title-text fusion-title-size-two\" style=\"--awb-text-color:var(--awb-color4);--awb-margin-bottom:20px;--awb-margin-bottom-small:20px;--awb-font-size:25px;\"><h2 class=\"title-heading-center fusion-responsive-typography-calculated\" style=\"font-family:var(--awb-typography2-font-family);font-weight:var(--awb-typography2-font-weight);font-style:var(--awb-typography2-font-style);margin:0;font-size:1em;letter-spacing:var(--awb-typography2-letter-spacing);text-transform:var(--awb-typography2-text-transform);--fontSize:25;line-height:1.39;\">Ambientem la teva festa amb els efectes m\u00e9s espectaculars<\/h2><\/div><div class=\"fusion-text fusion-text-1\"><p style=\"text-align: center; color: #ffffff;\">Si busques agregar un toc d&#8217;emoci\u00f3 als teus esdeveniments, els nostres efectes de fum, llums i altres elements visuales s\u00f3n l&#8217;opci\u00f3 perfecta. Amb la nostra \u00e0mplia varietat d&#8217;opcions d&#8217;efectes especials, podem crear una atm\u00f2sfera m\u00e0gica que far\u00e0 que els teus convidats se sentin inmersos a l&#8217;experi\u00e8ncia. Des de cascades de llums fins a r\u00e0fegues de fum, els nostres efectes poden transformar qualsevol espai en un ambient impressionant i imborrable a la seva mem\u00f2ria.<\/p>\n<p style=\"text-align: center; color: #ffffff;\"><b>Deixa&#8217;ns crear un espect\u00e0cle visual que far\u00e0 que els teus esdeveniments siguin veritablement \u00fanics <span style=\"color: var(--awb-text-color); font-family: var(--awb-text-font-family); font-size: var(--awb-font-size); font-style: var(--awb-text-font-style); letter-spacing: var(--awb-letter-spacing); text-align: var(--awb-content-alignment); text-transform: var(--awb-text-transform); background-color: var(--awb-bg-color);\">i exclusius.<\/span><\/b><\/p>\n<\/div><\/div><\/div><div class=\"fusion-layout-column fusion_builder_column fusion-builder-column-2 fusion_builder_column_1_1 1_1 fusion-flex-column fusion-animated\" style=\"--awb-bg-blend:overlay;--awb-bg-size:cover;--awb-width-large:100%;--awb-margin-top-large:0px;--awb-spacing-right-large:0px;--awb-margin-bottom-large:0px;--awb-spacing-left-large:0px;--awb-width-medium:100%;--awb-spacing-right-medium:0px;--awb-spacing-left-medium:0px;--awb-width-small:100%;--awb-spacing-right-small:0px;--awb-spacing-left-small:0px;\" data-animationType=\"fadeInUp\" data-animationDuration=\"1.0\" data-animationOffset=\"top-into-view\"><div class=\"fusion-column-wrapper fusion-column-has-shadow fusion-flex-justify-content-flex-start fusion-content-layout-column\"><div class=\"awb-gallery-wrapper awb-gallery-wrapper-1 button-span-no\" data-limit=\"10\" data-page=\"1\"><div style=\"margin:-10px;--awb-bordersize:4px;\" class=\"fusion-gallery fusion-gallery-container fusion-grid-3 fusion-columns-total-3 fusion-gallery-layout-grid fusion-gallery-1\"><div style=\"padding:10px;\" class=\"fusion-grid-column fusion-gallery-column fusion-gallery-column-3 hover-type-zoomin\"><div class=\"fusion-gallery-image\"><a href=\"https:\/\/labandadelpanda.es\/wp-content\/uploads\/2023\/04\/galeria-efectos-animacion.jpg\" rel=\"noreferrer\" data-rel=\"iLightbox[gallery_image_1]\" class=\"fusion-lightbox\" target=\"_self\"><img decoding=\"async\" src=\"https:\/\/labandadelpanda.es\/wp-content\/uploads\/2023\/04\/galeria-efectos-animacion.jpg\" data-orig-src=\"https:\/\/labandadelpanda.es\/wp-content\/uploads\/2023\/04\/galeria-efectos-animacion.jpg\" width=\"900\" height=\"1200\" alt=\"\" title=\"galeria-efectos-animacion\" aria-label=\"galeria-efectos-animacion\" class=\"lazyload img-responsive wp-image-531\" srcset=\"data:image\/svg+xml,%3Csvg%20xmlns%3D%27http%3A%2F%2Fwww.w3.org%2F2000%2Fsvg%27%20width%3D%27900%27%20height%3D%271200%27%20viewBox%3D%270%200%20900%201200%27%3E%3Crect%20width%3D%27900%27%20height%3D%271200%27%20fill-opacity%3D%220%22%2F%3E%3C%2Fsvg%3E\" data-srcset=\"https:\/\/labandadelpanda.es\/wp-content\/uploads\/2023\/04\/galeria-efectos-animacion-200x267.jpg 200w, https:\/\/labandadelpanda.es\/wp-content\/uploads\/2023\/04\/galeria-efectos-animacion-400x533.jpg 400w, https:\/\/labandadelpanda.es\/wp-content\/uploads\/2023\/04\/galeria-efectos-animacion-600x800.jpg 600w, https:\/\/labandadelpanda.es\/wp-content\/uploads\/2023\/04\/galeria-efectos-animacion-800x1067.jpg 800w, https:\/\/labandadelpanda.es\/wp-content\/uploads\/2023\/04\/galeria-efectos-animacion.jpg 900w\" data-sizes=\"auto\" data-orig-sizes=\"(min-width: 2200px) 100vw, (min-width: 824px) 373px, (min-width: 732px) 560px, (min-width: 640px) 732px, \" \/><\/a><\/div><\/div><div style=\"padding:10px;\" class=\"fusion-grid-column fusion-gallery-column fusion-gallery-column-3 hover-type-zoomin\"><div class=\"fusion-gallery-image\"><a href=\"https:\/\/labandadelpanda.es\/wp-content\/uploads\/2023\/04\/galeria-efectos-iluminacion.jpg\" rel=\"noreferrer\" data-rel=\"iLightbox[gallery_image_1]\" class=\"fusion-lightbox\" target=\"_self\"><img decoding=\"async\" src=\"https:\/\/labandadelpanda.es\/wp-content\/uploads\/2023\/04\/galeria-efectos-iluminacion.jpg\" data-orig-src=\"https:\/\/labandadelpanda.es\/wp-content\/uploads\/2023\/04\/galeria-efectos-iluminacion.jpg\" width=\"900\" height=\"1200\" alt=\"\" title=\"galeria-efectos-iluminacion\" aria-label=\"galeria-efectos-iluminacion\" class=\"lazyload img-responsive wp-image-530\" srcset=\"data:image\/svg+xml,%3Csvg%20xmlns%3D%27http%3A%2F%2Fwww.w3.org%2F2000%2Fsvg%27%20width%3D%27900%27%20height%3D%271200%27%20viewBox%3D%270%200%20900%201200%27%3E%3Crect%20width%3D%27900%27%20height%3D%271200%27%20fill-opacity%3D%220%22%2F%3E%3C%2Fsvg%3E\" data-srcset=\"https:\/\/labandadelpanda.es\/wp-content\/uploads\/2023\/04\/galeria-efectos-iluminacion-200x267.jpg 200w, https:\/\/labandadelpanda.es\/wp-content\/uploads\/2023\/04\/galeria-efectos-iluminacion-400x533.jpg 400w, https:\/\/labandadelpanda.es\/wp-content\/uploads\/2023\/04\/galeria-efectos-iluminacion-600x800.jpg 600w, https:\/\/labandadelpanda.es\/wp-content\/uploads\/2023\/04\/galeria-efectos-iluminacion-800x1067.jpg 800w, https:\/\/labandadelpanda.es\/wp-content\/uploads\/2023\/04\/galeria-efectos-iluminacion.jpg 900w\" data-sizes=\"auto\" data-orig-sizes=\"(min-width: 2200px) 100vw, (min-width: 824px) 373px, (min-width: 732px) 560px, (min-width: 640px) 732px, \" \/><\/a><\/div><\/div><div style=\"padding:10px;\" class=\"fusion-grid-column fusion-gallery-column fusion-gallery-column-3 hover-type-zoomin\"><div class=\"fusion-gallery-image\"><a href=\"https:\/\/labandadelpanda.es\/wp-content\/uploads\/2023\/04\/galeria-efectos-fuegos.jpg\" rel=\"noreferrer\" data-rel=\"iLightbox[gallery_image_1]\" class=\"fusion-lightbox\" target=\"_self\"><img decoding=\"async\" src=\"https:\/\/labandadelpanda.es\/wp-content\/uploads\/2023\/04\/galeria-efectos-fuegos.jpg\" data-orig-src=\"https:\/\/labandadelpanda.es\/wp-content\/uploads\/2023\/04\/galeria-efectos-fuegos.jpg\" width=\"900\" height=\"1200\" alt=\"\" title=\"galeria-efectos-fuegos\" aria-label=\"galeria-efectos-fuegos\" class=\"lazyload img-responsive wp-image-686\" srcset=\"data:image\/svg+xml,%3Csvg%20xmlns%3D%27http%3A%2F%2Fwww.w3.org%2F2000%2Fsvg%27%20width%3D%27900%27%20height%3D%271200%27%20viewBox%3D%270%200%20900%201200%27%3E%3Crect%20width%3D%27900%27%20height%3D%271200%27%20fill-opacity%3D%220%22%2F%3E%3C%2Fsvg%3E\" data-srcset=\"https:\/\/labandadelpanda.es\/wp-content\/uploads\/2023\/04\/galeria-efectos-fuegos-200x267.jpg 200w, https:\/\/labandadelpanda.es\/wp-content\/uploads\/2023\/04\/galeria-efectos-fuegos-400x533.jpg 400w, https:\/\/labandadelpanda.es\/wp-content\/uploads\/2023\/04\/galeria-efectos-fuegos-600x800.jpg 600w, https:\/\/labandadelpanda.es\/wp-content\/uploads\/2023\/04\/galeria-efectos-fuegos-800x1067.jpg 800w, https:\/\/labandadelpanda.es\/wp-content\/uploads\/2023\/04\/galeria-efectos-fuegos.jpg 900w\" data-sizes=\"auto\" data-orig-sizes=\"(min-width: 2200px) 100vw, (min-width: 824px) 373px, (min-width: 732px) 560px, (min-width: 640px) 732px, \" \/><\/a><\/div><\/div><div class=\"clearfix\"><\/div><\/div><\/div><\/div><\/div><div class=\"fusion-layout-column fusion_builder_column fusion-builder-column-3 fusion_builder_column_1_2 1_2 fusion-flex-column\" style=\"--awb-bg-size:cover;--awb-width-large:50%;--awb-margin-top-large:30px;--awb-spacing-right-large:18px;--awb-margin-bottom-large:20px;--awb-spacing-left-large:0px;--awb-width-medium:50%;--awb-order-medium:0;--awb-spacing-right-medium:18px;--awb-spacing-left-medium:0px;--awb-width-small:50%;--awb-order-small:0;--awb-spacing-right-small:18px;--awb-spacing-left-small:0px;\"><div class=\"fusion-column-wrapper fusion-column-has-shadow fusion-flex-justify-content-flex-start fusion-content-layout-column\"><div style=\"text-align:right;\"><a class=\"fusion-button button-flat fusion-button-default-size button-default fusion-button-default button-1 fusion-button-default-span fusion-button-default-type\" target=\"_self\" href=\"https:\/\/labandadelpanda.es\/ca\/serveis\/djs\/\"><i class=\"fa-angle-double-left fas button-icon-left\" aria-hidden=\"true\"><\/i><span class=\"fusion-button-text\">DJ&#x27;s<\/span><\/a><\/div><\/div><\/div><div class=\"fusion-layout-column fusion_builder_column fusion-builder-column-4 fusion_builder_column_1_2 1_2 fusion-flex-column\" style=\"--awb-bg-size:cover;--awb-width-large:50%;--awb-margin-top-large:30px;--awb-spacing-right-large:0px;--awb-margin-bottom-large:20px;--awb-spacing-left-large:18px;--awb-width-medium:50%;--awb-order-medium:0;--awb-spacing-right-medium:0px;--awb-spacing-left-medium:18px;--awb-width-small:50%;--awb-order-small:0;--awb-spacing-right-small:0px;--awb-spacing-left-small:18px;\"><div class=\"fusion-column-wrapper fusion-column-has-shadow fusion-flex-justify-content-center fusion-content-layout-column\"><div style=\"text-align:left;\"><a class=\"fusion-button button-flat fusion-button-default-size button-default fusion-button-default button-2 fusion-button-default-span fusion-button-default-type\" target=\"_self\" href=\"https:\/\/labandadelpanda.es\/ca\/serveis\/animadors\/\"><span class=\"fusion-button-text\">Animadors<\/span><i class=\"fa-angle-double-right fas button-icon-right\" aria-hidden=\"true\"><\/i><\/a><\/div><\/div><\/div><\/div><\/div><\/p>\n","protected":false},"excerpt":{"rendered":"","protected":false},"author":1,"featured_media":0,"parent":1202,"menu_order":0,"comment_status":"closed","ping_status":"closed","template":"100-width.php","meta":[],"aioseo_notices":[],"_links":{"self":[{"href":"https:\/\/labandadelpanda.es\/ca\/wp-json\/wp\/v2\/pages\/1250"}],"collection":[{"href":"https:\/\/labandadelpanda.es\/ca\/wp-json\/wp\/v2\/pages"}],"about":[{"href":"https:\/\/labandadelpanda.es\/ca\/wp-json\/wp\/v2\/types\/page"}],"author":[{"embeddable":true,"href":"https:\/\/labandadelpanda.es\/ca\/wp-json\/wp\/v2\/users\/1"}],"replies":[{"embeddable":true,"href":"https:\/\/labandadelpanda.es\/ca\/wp-json\/wp\/v2\/comments?post=1250"}],"version-history":[{"count":5,"href":"https:\/\/labandadelpanda.es\/ca\/wp-json\/wp\/v2\/pages\/1250\/revisions"}],"predecessor-version":[{"id":1292,"href":"https:\/\/labandadelpanda.es\/ca\/wp-json\/wp\/v2\/pages\/1250\/revisions\/1292"}],"up":[{"embeddable":true,"href":"https:\/\/labandadelpanda.es\/ca\/wp-json\/wp\/v2\/pages\/1202"}],"wp:attachment":[{"href":"https:\/\/labandadelpanda.es\/ca\/wp-json\/wp\/v2\/media?parent=1250"}],"curies":[{"name":"wp","href":"https:\/\/api.w.org\/{rel}","templated":true}]}}